{"id":1260,"date":"2024-12-09T09:22:01","date_gmt":"2024-12-09T09:22:01","guid":{"rendered":"https:\/\/fisiobalans.com\/servicios\/"},"modified":"2025-01-20T11:58:09","modified_gmt":"2025-01-20T11:58:09","slug":"servicios","status":"publish","type":"page","link":"https:\/\/fisiobalans.com\/es\/servicios\/","title":{"rendered":"Servicios"},"content":{"rendered":"\t\t<div data-elementor-type=\"wp-page\" data-elementor-id=\"1260\" class=\"elementor elementor-1260 elementor-26\" data-elementor-post-type=\"page\">\n\t\t\t\t<div class=\"elementor-element elementor-element-df2393b e-flex e-con-boxed e-con e-parent\" data-id=\"df2393b\" data-element_type=\"container\" data-e-type=\"container\">\n\t\t\t\t\t<div class=\"e-con-inner\">\n\t\t\t\t<div class=\"elementor-element elementor-element-776a11e elementor-widget-divider--view-line_text elementor-widget-divider--element-align-left elementor-widget elementor-widget-divider\" data-id=\"776a11e\" data-element_type=\"widget\" data-e-type=\"widget\" data-widget_type=\"divider.default\">\n\t\t\t\t<div class=\"elementor-widget-container\">\n\t\t\t\t\t\t\t<div class=\"elementor-divider\">\n\t\t\t<span class=\"elementor-divider-separator\">\n\t\t\t\t\t\t\t<h1 class=\"elementor-divider__text elementor-divider__element\">\n\t\t\t\tServicios\t\t\t\t<\/h1>\n\t\t\t\t\t\t<\/span>\n\t\t<\/div>\n\t\t\t\t\t\t<\/div>\n\t\t\t\t<\/div>\n\t\t\t\t\t<\/div>\n\t\t\t\t<\/div>\n\t\t<div class=\"elementor-element elementor-element-0aba8b4 e-flex e-con-boxed e-con e-parent\" data-id=\"0aba8b4\" data-element_type=\"container\" data-e-type=\"container\">\n\t\t\t\t\t<div class=\"e-con-inner\">\n\t\t<div class=\"elementor-element elementor-element-a2f5721 e-con-full e-flex e-con e-child\" data-id=\"a2f5721\" data-element_type=\"container\" data-e-type=\"container\">\n\t\t<a class=\"elementor-element elementor-element-79e43c6 e-con-full e-flex e-con e-child\" data-id=\"79e43c6\" data-element_type=\"container\" data-e-type=\"container\" href=\"https:\/\/fisiobalans.com\/serveis\/fisioterapia-i-rehabilitacio\/\">\n\t\t\t\t<div class=\"elementor-element elementor-element-175e9f8 elementor-widget elementor-widget-image\" data-id=\"175e9f8\" data-element_type=\"widget\" data-e-type=\"widget\" data-widget_type=\"image.default\">\n\t\t\t\t<div class=\"elementor-widget-container\">\n\t\t\t\t\t\t\t\t\t\t\t\t\t\t\t<img fetchpriority=\"high\" decoding=\"async\" width=\"400\" height=\"266\" src=\"https:\/\/fisiobalans.com\/wp-content\/uploads\/2024\/12\/serveis-1.jpg\" class=\"attachment-full size-full wp-image-1144\" alt=\"\" srcset=\"https:\/\/fisiobalans.com\/wp-content\/uploads\/2024\/12\/serveis-1.jpg 400w, https:\/\/fisiobalans.com\/wp-content\/uploads\/2024\/12\/serveis-1-300x200.jpg 300w\" sizes=\"(max-width: 400px) 100vw, 400px\" \/>\t\t\t\t\t\t\t\t\t\t\t\t\t\t\t<\/div>\n\t\t\t\t<\/div>\n\t\t\t\t<div class=\"elementor-element elementor-element-69e5572 elementor-widget elementor-widget-heading\" data-id=\"69e5572\" data-element_type=\"widget\" data-e-type=\"widget\" data-widget_type=\"heading.default\">\n\t\t\t\t<div class=\"elementor-widget-container\">\n\t\t\t\t\t<h3 class=\"elementor-heading-title elementor-size-default\">Fisioterapia y Rehabilitaci\u00f3n<\/h3>\t\t\t\t<\/div>\n\t\t\t\t<\/div>\n\t\t\t\t<div class=\"elementor-element elementor-element-acb0557 elementor-widget elementor-widget-text-editor\" data-id=\"acb0557\" data-element_type=\"widget\" data-e-type=\"widget\" data-widget_type=\"text-editor.default\">\n\t\t\t\t<div class=\"elementor-widget-container\">\n\t\t\t\t\t\t\t\t\t<p>Es el servicio principal y la base de todos los tratamientos. Cualquiera de los otros servicios que realizamos se basan en la Fisioterapia.<\/p>\n\t\t\t\t\t\t\t\t<\/div>\n\t\t\t\t<\/div>\n\t\t\t\t<\/a>\n\t\t\t\t<\/div>\n\t\t<div class=\"elementor-element elementor-element-60df4d9 e-con-full e-flex e-con e-child\" data-id=\"60df4d9\" data-element_type=\"container\" data-e-type=\"container\">\n\t\t<a class=\"elementor-element elementor-element-9292995 e-con-full e-flex e-con e-child\" data-id=\"9292995\" data-element_type=\"container\" data-e-type=\"container\" href=\"https:\/\/fisiobalans.com\/serveis\/osteopatia\/\">\n\t\t\t\t<div class=\"elementor-element elementor-element-068132e elementor-widget elementor-widget-image\" data-id=\"068132e\" data-element_type=\"widget\" data-e-type=\"widget\" data-widget_type=\"image.default\">\n\t\t\t\t<div class=\"elementor-widget-container\">\n\t\t\t\t\t\t\t\t\t\t\t\t\t\t\t<img decoding=\"async\" width=\"400\" height=\"266\" src=\"https:\/\/fisiobalans.com\/wp-content\/uploads\/2024\/12\/serveis-2.jpg\" class=\"attachment-full size-full wp-image-1145\" alt=\"\" srcset=\"https:\/\/fisiobalans.com\/wp-content\/uploads\/2024\/12\/serveis-2.jpg 400w, https:\/\/fisiobalans.com\/wp-content\/uploads\/2024\/12\/serveis-2-300x200.jpg 300w\" sizes=\"(max-width: 400px) 100vw, 400px\" \/>\t\t\t\t\t\t\t\t\t\t\t\t\t\t\t<\/div>\n\t\t\t\t<\/div>\n\t\t\t\t<div class=\"elementor-element elementor-element-b73e5c4 elementor-widget elementor-widget-heading\" data-id=\"b73e5c4\" data-element_type=\"widget\" data-e-type=\"widget\" data-widget_type=\"heading.default\">\n\t\t\t\t<div class=\"elementor-widget-container\">\n\t\t\t\t\t<h3 class=\"elementor-heading-title elementor-size-default\">Osteopat\u00eda<\/h3>\t\t\t\t<\/div>\n\t\t\t\t<\/div>\n\t\t\t\t<div class=\"elementor-element elementor-element-ab65263 elementor-widget elementor-widget-text-editor\" data-id=\"ab65263\" data-element_type=\"widget\" data-e-type=\"widget\" data-widget_type=\"text-editor.default\">\n\t\t\t\t<div class=\"elementor-widget-container\">\n\t\t\t\t\t\t\t\t\t<p>Disciplina que trata al individuo de manera global y hol\u00edstica. Utiliza un conjunto de t\u00e9cnicas manuales para mejorar las diversas dolencias en la estructura, \u00f3rganos y tejidos, con el objetivo de restablecer el equilibrio de las funciones de todas las estructuras de nuestro cuerpo.<\/p>\n\t\t\t\t\t\t\t\t<\/div>\n\t\t\t\t<\/div>\n\t\t\t\t<\/a>\n\t\t\t\t<\/div>\n\t\t<div class=\"elementor-element elementor-element-bc01f6f e-con-full e-flex e-con e-child\" data-id=\"bc01f6f\" data-element_type=\"container\" data-e-type=\"container\">\n\t\t<a class=\"elementor-element elementor-element-1c1b990 e-con-full e-flex e-con e-child\" data-id=\"1c1b990\" data-element_type=\"container\" data-e-type=\"container\" href=\"https:\/\/fisiobalans.com\/serveis\/indiba-activ\/\">\n\t\t\t\t<div class=\"elementor-element elementor-element-443956e elementor-widget elementor-widget-image\" data-id=\"443956e\" data-element_type=\"widget\" data-e-type=\"widget\" data-widget_type=\"image.default\">\n\t\t\t\t<div class=\"elementor-widget-container\">\n\t\t\t\t\t\t\t\t\t\t\t\t\t\t\t<img decoding=\"async\" width=\"400\" height=\"266\" src=\"https:\/\/fisiobalans.com\/wp-content\/uploads\/2024\/12\/serveis-3.jpg\" class=\"attachment-full size-full wp-image-1146\" alt=\"\" srcset=\"https:\/\/fisiobalans.com\/wp-content\/uploads\/2024\/12\/serveis-3.jpg 400w, https:\/\/fisiobalans.com\/wp-content\/uploads\/2024\/12\/serveis-3-300x200.jpg 300w\" sizes=\"(max-width: 400px) 100vw, 400px\" \/>\t\t\t\t\t\t\t\t\t\t\t\t\t\t\t<\/div>\n\t\t\t\t<\/div>\n\t\t\t\t<div class=\"elementor-element elementor-element-83a181e elementor-widget elementor-widget-heading\" data-id=\"83a181e\" data-element_type=\"widget\" data-e-type=\"widget\" data-widget_type=\"heading.default\">\n\t\t\t\t<div class=\"elementor-widget-container\">\n\t\t\t\t\t<h3 class=\"elementor-heading-title elementor-size-default\">Indiba Activ<\/h3>\t\t\t\t<\/div>\n\t\t\t\t<\/div>\n\t\t\t\t<div class=\"elementor-element elementor-element-3c16073 elementor-widget elementor-widget-text-editor\" data-id=\"3c16073\" data-element_type=\"widget\" data-e-type=\"widget\" data-widget_type=\"text-editor.default\">\n\t\t\t\t<div class=\"elementor-widget-container\">\n\t\t\t\t\t\t\t\t\t<p>INDIBA\u00ae es la terapia l\u00edder del mercado en tratamientos de Radiofrecuencia (448Hz). Se aplica una corriente provocando la aceleraci\u00f3n de la recuperaci\u00f3n natural de los tejidos, obteniendo una reducci\u00f3n del dolor, favoreciendo al r\u00e1pido retorno a la actividad. Todo ello, combinado con las habilidades din\u00e1micas manuales del fisioterapeuta genera resultados desde la primera sesi\u00f3n.<\/p>\n\t\t\t\t\t\t\t\t<\/div>\n\t\t\t\t<\/div>\n\t\t\t\t<\/a>\n\t\t\t\t<\/div>\n\t\t<div class=\"elementor-element elementor-element-dd79e80 e-con-full e-flex e-con e-child\" data-id=\"dd79e80\" data-element_type=\"container\" data-e-type=\"container\">\n\t\t<a class=\"elementor-element elementor-element-7f0e35c e-con-full e-flex e-con e-child\" data-id=\"7f0e35c\" data-element_type=\"container\" data-e-type=\"container\" href=\"https:\/\/fisiobalans.com\/serveis\/pressoterapia\/\">\n\t\t\t\t<div class=\"elementor-element elementor-element-a7a020c elementor-widget elementor-widget-image\" data-id=\"a7a020c\" data-element_type=\"widget\" data-e-type=\"widget\" data-widget_type=\"image.default\">\n\t\t\t\t<div class=\"elementor-widget-container\">\n\t\t\t\t\t\t\t\t\t\t\t\t\t\t\t<img loading=\"lazy\" decoding=\"async\" width=\"400\" height=\"266\" src=\"https:\/\/fisiobalans.com\/wp-content\/uploads\/2024\/12\/serveis-4.jpg\" class=\"attachment-full size-full wp-image-1141\" alt=\"\" srcset=\"https:\/\/fisiobalans.com\/wp-content\/uploads\/2024\/12\/serveis-4.jpg 400w, https:\/\/fisiobalans.com\/wp-content\/uploads\/2024\/12\/serveis-4-300x200.jpg 300w\" sizes=\"(max-width: 400px) 100vw, 400px\" \/>\t\t\t\t\t\t\t\t\t\t\t\t\t\t\t<\/div>\n\t\t\t\t<\/div>\n\t\t\t\t<div class=\"elementor-element elementor-element-4a6be1e elementor-widget elementor-widget-heading\" data-id=\"4a6be1e\" data-element_type=\"widget\" data-e-type=\"widget\" data-widget_type=\"heading.default\">\n\t\t\t\t<div class=\"elementor-widget-container\">\n\t\t\t\t\t<h3 class=\"elementor-heading-title elementor-size-default\">Presoterapia<\/h3>\t\t\t\t<\/div>\n\t\t\t\t<\/div>\n\t\t\t\t<div class=\"elementor-element elementor-element-6d14e25 elementor-widget elementor-widget-text-editor\" data-id=\"6d14e25\" data-element_type=\"widget\" data-e-type=\"widget\" data-widget_type=\"text-editor.default\">\n\t\t\t\t<div class=\"elementor-widget-container\">\n\t\t\t\t\t\t\t\t\t<p>Tratamiento indoloro que utiliza la presi\u00f3n del aire de forma secuencial (con la colocaci\u00f3n de unas botas) para estimular el sistema circulatorio, generando un drenaje que contribuye al eliminar toxinas, grasas y l\u00edquidos.<\/p>\n\t\t\t\t\t\t\t\t<\/div>\n\t\t\t\t<\/div>\n\t\t\t\t<\/a>\n\t\t\t\t<\/div>\n\t\t<div class=\"elementor-element elementor-element-f90a9b3 e-con-full e-flex e-con e-child\" data-id=\"f90a9b3\" data-element_type=\"container\" data-e-type=\"container\">\n\t\t<a class=\"elementor-element elementor-element-6f73bef e-con-full e-flex e-con e-child\" data-id=\"6f73bef\" data-element_type=\"container\" data-e-type=\"container\" href=\"https:\/\/fisiobalans.com\/serveis\/magnetoterapia\/\">\n\t\t\t\t<div class=\"elementor-element elementor-element-f10cfaf elementor-widget elementor-widget-image\" data-id=\"f10cfaf\" data-element_type=\"widget\" data-e-type=\"widget\" data-widget_type=\"image.default\">\n\t\t\t\t<div class=\"elementor-widget-container\">\n\t\t\t\t\t\t\t\t\t\t\t\t\t\t\t<img loading=\"lazy\" decoding=\"async\" width=\"400\" height=\"266\" src=\"https:\/\/fisiobalans.com\/wp-content\/uploads\/2024\/12\/serveis-5.jpg\" class=\"attachment-full size-full wp-image-1142\" alt=\"\" srcset=\"https:\/\/fisiobalans.com\/wp-content\/uploads\/2024\/12\/serveis-5.jpg 400w, https:\/\/fisiobalans.com\/wp-content\/uploads\/2024\/12\/serveis-5-300x200.jpg 300w\" sizes=\"(max-width: 400px) 100vw, 400px\" \/>\t\t\t\t\t\t\t\t\t\t\t\t\t\t\t<\/div>\n\t\t\t\t<\/div>\n\t\t\t\t<div class=\"elementor-element elementor-element-01ac5c3 elementor-widget elementor-widget-heading\" data-id=\"01ac5c3\" data-element_type=\"widget\" data-e-type=\"widget\" data-widget_type=\"heading.default\">\n\t\t\t\t<div class=\"elementor-widget-container\">\n\t\t\t\t\t<h3 class=\"elementor-heading-title elementor-size-default\">Magnetoterapia<\/h3>\t\t\t\t<\/div>\n\t\t\t\t<\/div>\n\t\t\t\t<div class=\"elementor-element elementor-element-0fb9462 elementor-widget elementor-widget-text-editor\" data-id=\"0fb9462\" data-element_type=\"widget\" data-e-type=\"widget\" data-widget_type=\"text-editor.default\">\n\t\t\t\t<div class=\"elementor-widget-container\">\n\t\t\t\t\t\t\t\t\t<p>Terapia indolora mediante un campo magn\u00e9tico de baja frecuencia e intensidad, que produce un aumento de la presi\u00f3n parcial del ox\u00edgeno de los tejidos acelerando el metabolismo celular de los huesos y el col\u00e1geno. Este proceso, ayuda a estimular la osificaci\u00f3n y la cicatrizaci\u00f3n de las heridas, mejora la vasodilataci\u00f3n local provocando un efecto tr\u00f3fico, produce un importante efecto antiinflamatorio y analg\u00e9sico y regula la circulaci\u00f3n.<\/p>\n\t\t\t\t\t\t\t\t<\/div>\n\t\t\t\t<\/div>\n\t\t\t\t<\/a>\n\t\t\t\t<\/div>\n\t\t<div class=\"elementor-element elementor-element-b307b72 e-con-full e-flex e-con e-child\" data-id=\"b307b72\" data-element_type=\"container\" data-e-type=\"container\">\n\t\t<a class=\"elementor-element elementor-element-34b02c7 e-con-full e-flex e-con e-child\" data-id=\"34b02c7\" data-element_type=\"container\" data-e-type=\"container\" href=\"https:\/\/fisiobalans.com\/serveis\/neuromodulacio-no-invasiva-nesa\/\">\n\t\t\t\t<div class=\"elementor-element elementor-element-74da388 elementor-widget elementor-widget-image\" data-id=\"74da388\" data-element_type=\"widget\" data-e-type=\"widget\" data-widget_type=\"image.default\">\n\t\t\t\t<div class=\"elementor-widget-container\">\n\t\t\t\t\t\t\t\t\t\t\t\t\t\t\t<img loading=\"lazy\" decoding=\"async\" width=\"400\" height=\"266\" src=\"https:\/\/fisiobalans.com\/wp-content\/uploads\/2024\/12\/serveis-6.jpg\" class=\"attachment-full size-full wp-image-1143\" alt=\"\" srcset=\"https:\/\/fisiobalans.com\/wp-content\/uploads\/2024\/12\/serveis-6.jpg 400w, https:\/\/fisiobalans.com\/wp-content\/uploads\/2024\/12\/serveis-6-300x200.jpg 300w\" sizes=\"(max-width: 400px) 100vw, 400px\" \/>\t\t\t\t\t\t\t\t\t\t\t\t\t\t\t<\/div>\n\t\t\t\t<\/div>\n\t\t\t\t<div class=\"elementor-element elementor-element-b224d4b elementor-widget elementor-widget-heading\" data-id=\"b224d4b\" data-element_type=\"widget\" data-e-type=\"widget\" data-widget_type=\"heading.default\">\n\t\t\t\t<div class=\"elementor-widget-container\">\n\t\t\t\t\t<h3 class=\"elementor-heading-title elementor-size-default\">Neuromodulaci\u00f3n no invasiva Nesa<\/h3>\t\t\t\t<\/div>\n\t\t\t\t<\/div>\n\t\t\t\t<div class=\"elementor-element elementor-element-1574c0a elementor-widget elementor-widget-text-editor\" data-id=\"1574c0a\" data-element_type=\"widget\" data-e-type=\"widget\" data-widget_type=\"text-editor.default\">\n\t\t\t\t<div class=\"elementor-widget-container\">\n\t\t\t\t\t\t\t\t\t<p>Utilizamos una tecnolog\u00eda sanitaria avanzada ante la necesidad de estabilizar el correcto funcionamiento del sistema nervioso vegetativo de nuestros pacientes.<\/p>\n\t\t\t\t\t\t\t\t<\/div>\n\t\t\t\t<\/div>\n\t\t\t\t<\/a>\n\t\t\t\t<\/div>\n\t\t<div class=\"elementor-element elementor-element-c56b1be e-con-full e-flex e-con e-child\" data-id=\"c56b1be\" data-element_type=\"container\" data-e-type=\"container\">\n\t\t<a class=\"elementor-element elementor-element-c562e84 e-con-full e-flex e-con e-child\" data-id=\"c562e84\" data-element_type=\"container\" data-e-type=\"container\" href=\"https:\/\/fisiobalans.com\/serveis\/fisioterapia-domiciliaria\/\">\n\t\t\t\t<div class=\"elementor-element elementor-element-906b387 elementor-widget elementor-widget-image\" data-id=\"906b387\" data-element_type=\"widget\" data-e-type=\"widget\" data-widget_type=\"image.default\">\n\t\t\t\t<div class=\"elementor-widget-container\">\n\t\t\t\t\t\t\t\t\t\t\t\t\t\t\t<img decoding=\"async\" width=\"400\" height=\"266\" src=\"https:\/\/fisiobalans.com\/wp-content\/uploads\/2024\/12\/serveis-3.jpg\" class=\"attachment-full size-full wp-image-1146\" alt=\"\" srcset=\"https:\/\/fisiobalans.com\/wp-content\/uploads\/2024\/12\/serveis-3.jpg 400w, https:\/\/fisiobalans.com\/wp-content\/uploads\/2024\/12\/serveis-3-300x200.jpg 300w\" sizes=\"(max-width: 400px) 100vw, 400px\" \/>\t\t\t\t\t\t\t\t\t\t\t\t\t\t\t<\/div>\n\t\t\t\t<\/div>\n\t\t\t\t<div class=\"elementor-element elementor-element-37a3ab7 elementor-widget elementor-widget-heading\" data-id=\"37a3ab7\" data-element_type=\"widget\" data-e-type=\"widget\" data-widget_type=\"heading.default\">\n\t\t\t\t<div class=\"elementor-widget-container\">\n\t\t\t\t\t<h3 class=\"elementor-heading-title elementor-size-default\">Fisioterapia domiciliaria<\/h3>\t\t\t\t<\/div>\n\t\t\t\t<\/div>\n\t\t\t\t<div class=\"elementor-element elementor-element-2af649f elementor-widget elementor-widget-text-editor\" data-id=\"2af649f\" data-element_type=\"widget\" data-e-type=\"widget\" data-widget_type=\"text-editor.default\">\n\t\t\t\t<div class=\"elementor-widget-container\">\n\t\t\t\t\t\t\t\t\t<p>Entendemos que la atenci\u00f3n m\u00e9dica debe adaptarse a las necesidades individuales de cada paciente. Es por ello que hemos llevado nuestro compromiso con la salud y el bienestar un paso m\u00e1s all\u00e1, ofreciendo ahora sesiones de fisioterapia directamente en la comodidad del hogar de nuestros pacientes.<\/p>\n\t\t\t\t\t\t\t\t<\/div>\n\t\t\t\t<\/div>\n\t\t\t\t<\/a>\n\t\t\t\t<\/div>\n\t\t\t\t\t<\/div>\n\t\t\t\t<\/div>\n\t\t\t\t<\/div>\n\t\t","protected":false},"excerpt":{"rendered":"<p>Servicios Fisioterapia y Rehabilitaci\u00f3n Es el servicio principal y la base de todos los tratamientos. Cualquiera de los otros servicios que realizamos se basan en la Fisioterapia. Osteopat\u00eda Disciplina que trata al individuo de manera global y hol\u00edstica. Utiliza un conjunto de t\u00e9cnicas manuales para mejorar las diversas dolencias en la estructura, \u00f3rganos y tejidos, [&hellip;]<\/p>\n","protected":false},"author":1,"featured_media":0,"parent":0,"menu_order":0,"comment_status":"closed","ping_status":"closed","template":"","meta":{"_acf_changed":false,"footnotes":""},"class_list":["post-1260","page","type-page","status-publish","hentry"],"acf":[],"yoast_head":"<!-- This site is optimized with the Yoast SEO plugin v24.3 - https:\/\/yoast.com\/wordpress\/plugins\/seo\/ -->\n<title>Servicios - Fisiobalans<\/title>\n<meta name=\"robots\" content=\"index, follow, max-snippet:-1, max-image-preview:large, max-video-preview:-1\" \/>\n<link rel=\"canonical\" href=\"https:\/\/fisiobalans.com\/es\/servicios\/\" \/>\n<meta property=\"og:locale\" content=\"es_ES\" \/>\n<meta property=\"og:type\" content=\"article\" \/>\n<meta property=\"og:title\" content=\"Servicios - Fisiobalans\" \/>\n<meta property=\"og:description\" content=\"Servicios Fisioterapia y Rehabilitaci\u00f3n Es el servicio principal y la base de todos los tratamientos. Cualquiera de los otros servicios que realizamos se basan en la Fisioterapia. Osteopat\u00eda Disciplina que trata al individuo de manera global y hol\u00edstica. Utiliza un conjunto de t\u00e9cnicas manuales para mejorar las diversas dolencias en la estructura, \u00f3rganos y tejidos, [&hellip;]\" \/>\n<meta property=\"og:url\" content=\"https:\/\/fisiobalans.com\/es\/servicios\/\" \/>\n<meta property=\"og:site_name\" content=\"Fisiobalans\" \/>\n<meta property=\"article:publisher\" content=\"https:\/\/www.facebook.com\/fisiobalans\" \/>\n<meta property=\"article:modified_time\" content=\"2025-01-20T11:58:09+00:00\" \/>\n<meta property=\"og:image\" content=\"https:\/\/fisiobalans.com\/wp-content\/uploads\/2024\/12\/serveis-1.jpg\" \/>\n\t<meta property=\"og:image:width\" content=\"400\" \/>\n\t<meta property=\"og:image:height\" content=\"266\" \/>\n\t<meta property=\"og:image:type\" content=\"image\/jpeg\" \/>\n<meta name=\"twitter:card\" content=\"summary_large_image\" \/>\n<meta name=\"twitter:label1\" content=\"Tiempo de lectura\" \/>\n\t<meta name=\"twitter:data1\" content=\"2 minutos\" \/>\n<script type=\"application\/ld+json\" class=\"yoast-schema-graph\">{\"@context\":\"https:\/\/schema.org\",\"@graph\":[{\"@type\":\"WebPage\",\"@id\":\"https:\/\/fisiobalans.com\/es\/servicios\/\",\"url\":\"https:\/\/fisiobalans.com\/es\/servicios\/\",\"name\":\"Servicios - Fisiobalans\",\"isPartOf\":{\"@id\":\"https:\/\/fisiobalans.com\/es\/#website\"},\"primaryImageOfPage\":{\"@id\":\"https:\/\/fisiobalans.com\/es\/servicios\/#primaryimage\"},\"image\":{\"@id\":\"https:\/\/fisiobalans.com\/es\/servicios\/#primaryimage\"},\"thumbnailUrl\":\"https:\/\/fisiobalans.com\/wp-content\/uploads\/2024\/12\/serveis-1.jpg\",\"datePublished\":\"2024-12-09T09:22:01+00:00\",\"dateModified\":\"2025-01-20T11:58:09+00:00\",\"breadcrumb\":{\"@id\":\"https:\/\/fisiobalans.com\/es\/servicios\/#breadcrumb\"},\"inLanguage\":\"es\",\"potentialAction\":[{\"@type\":\"ReadAction\",\"target\":[\"https:\/\/fisiobalans.com\/es\/servicios\/\"]}]},{\"@type\":\"ImageObject\",\"inLanguage\":\"es\",\"@id\":\"https:\/\/fisiobalans.com\/es\/servicios\/#primaryimage\",\"url\":\"https:\/\/fisiobalans.com\/wp-content\/uploads\/2024\/12\/serveis-1.jpg\",\"contentUrl\":\"https:\/\/fisiobalans.com\/wp-content\/uploads\/2024\/12\/serveis-1.jpg\"},{\"@type\":\"BreadcrumbList\",\"@id\":\"https:\/\/fisiobalans.com\/es\/servicios\/#breadcrumb\",\"itemListElement\":[{\"@type\":\"ListItem\",\"position\":1,\"name\":\"Portada\",\"item\":\"https:\/\/fisiobalans.com\/es\/inicio\/\"},{\"@type\":\"ListItem\",\"position\":2,\"name\":\"Servicios\"}]},{\"@type\":\"WebSite\",\"@id\":\"https:\/\/fisiobalans.com\/es\/#website\",\"url\":\"https:\/\/fisiobalans.com\/es\/\",\"name\":\"Fisiobalans\",\"description\":\"\",\"publisher\":{\"@id\":\"https:\/\/fisiobalans.com\/es\/#organization\"},\"potentialAction\":[{\"@type\":\"SearchAction\",\"target\":{\"@type\":\"EntryPoint\",\"urlTemplate\":\"https:\/\/fisiobalans.com\/es\/?s={search_term_string}\"},\"query-input\":{\"@type\":\"PropertyValueSpecification\",\"valueRequired\":true,\"valueName\":\"search_term_string\"}}],\"inLanguage\":\"es\"},{\"@type\":\"Organization\",\"@id\":\"https:\/\/fisiobalans.com\/es\/#organization\",\"name\":\"Fisiobalans\",\"url\":\"https:\/\/fisiobalans.com\/es\/\",\"logo\":{\"@type\":\"ImageObject\",\"inLanguage\":\"es\",\"@id\":\"https:\/\/fisiobalans.com\/es\/#\/schema\/logo\/image\/\",\"url\":\"https:\/\/fisiobalans.com\/wp-content\/uploads\/2024\/12\/logo.png\",\"contentUrl\":\"https:\/\/fisiobalans.com\/wp-content\/uploads\/2024\/12\/logo.png\",\"width\":173,\"height\":58,\"caption\":\"Fisiobalans\"},\"image\":{\"@id\":\"https:\/\/fisiobalans.com\/es\/#\/schema\/logo\/image\/\"},\"sameAs\":[\"https:\/\/www.facebook.com\/fisiobalans\",\"https:\/\/www.instagram.com\/fisiobalans\/\"]}]}<\/script>\n<!-- \/ Yoast SEO plugin. -->","yoast_head_json":{"title":"Servicios - Fisiobalans","robots":{"index":"index","follow":"follow","max-snippet":"max-snippet:-1","max-image-preview":"max-image-preview:large","max-video-preview":"max-video-preview:-1"},"canonical":"https:\/\/fisiobalans.com\/es\/servicios\/","og_locale":"es_ES","og_type":"article","og_title":"Servicios - Fisiobalans","og_description":"Servicios Fisioterapia y Rehabilitaci\u00f3n Es el servicio principal y la base de todos los tratamientos. Cualquiera de los otros servicios que realizamos se basan en la Fisioterapia. Osteopat\u00eda Disciplina que trata al individuo de manera global y hol\u00edstica. Utiliza un conjunto de t\u00e9cnicas manuales para mejorar las diversas dolencias en la estructura, \u00f3rganos y tejidos, [&hellip;]","og_url":"https:\/\/fisiobalans.com\/es\/servicios\/","og_site_name":"Fisiobalans","article_publisher":"https:\/\/www.facebook.com\/fisiobalans","article_modified_time":"2025-01-20T11:58:09+00:00","og_image":[{"width":400,"height":266,"url":"https:\/\/fisiobalans.com\/wp-content\/uploads\/2024\/12\/serveis-1.jpg","type":"image\/jpeg"}],"twitter_card":"summary_large_image","twitter_misc":{"Tiempo de lectura":"2 minutos"},"schema":{"@context":"https:\/\/schema.org","@graph":[{"@type":"WebPage","@id":"https:\/\/fisiobalans.com\/es\/servicios\/","url":"https:\/\/fisiobalans.com\/es\/servicios\/","name":"Servicios - Fisiobalans","isPartOf":{"@id":"https:\/\/fisiobalans.com\/es\/#website"},"primaryImageOfPage":{"@id":"https:\/\/fisiobalans.com\/es\/servicios\/#primaryimage"},"image":{"@id":"https:\/\/fisiobalans.com\/es\/servicios\/#primaryimage"},"thumbnailUrl":"https:\/\/fisiobalans.com\/wp-content\/uploads\/2024\/12\/serveis-1.jpg","datePublished":"2024-12-09T09:22:01+00:00","dateModified":"2025-01-20T11:58:09+00:00","breadcrumb":{"@id":"https:\/\/fisiobalans.com\/es\/servicios\/#breadcrumb"},"inLanguage":"es","potentialAction":[{"@type":"ReadAction","target":["https:\/\/fisiobalans.com\/es\/servicios\/"]}]},{"@type":"ImageObject","inLanguage":"es","@id":"https:\/\/fisiobalans.com\/es\/servicios\/#primaryimage","url":"https:\/\/fisiobalans.com\/wp-content\/uploads\/2024\/12\/serveis-1.jpg","contentUrl":"https:\/\/fisiobalans.com\/wp-content\/uploads\/2024\/12\/serveis-1.jpg"},{"@type":"BreadcrumbList","@id":"https:\/\/fisiobalans.com\/es\/servicios\/#breadcrumb","itemListElement":[{"@type":"ListItem","position":1,"name":"Portada","item":"https:\/\/fisiobalans.com\/es\/inicio\/"},{"@type":"ListItem","position":2,"name":"Servicios"}]},{"@type":"WebSite","@id":"https:\/\/fisiobalans.com\/es\/#website","url":"https:\/\/fisiobalans.com\/es\/","name":"Fisiobalans","description":"","publisher":{"@id":"https:\/\/fisiobalans.com\/es\/#organization"},"potentialAction":[{"@type":"SearchAction","target":{"@type":"EntryPoint","urlTemplate":"https:\/\/fisiobalans.com\/es\/?s={search_term_string}"},"query-input":{"@type":"PropertyValueSpecification","valueRequired":true,"valueName":"search_term_string"}}],"inLanguage":"es"},{"@type":"Organization","@id":"https:\/\/fisiobalans.com\/es\/#organization","name":"Fisiobalans","url":"https:\/\/fisiobalans.com\/es\/","logo":{"@type":"ImageObject","inLanguage":"es","@id":"https:\/\/fisiobalans.com\/es\/#\/schema\/logo\/image\/","url":"https:\/\/fisiobalans.com\/wp-content\/uploads\/2024\/12\/logo.png","contentUrl":"https:\/\/fisiobalans.com\/wp-content\/uploads\/2024\/12\/logo.png","width":173,"height":58,"caption":"Fisiobalans"},"image":{"@id":"https:\/\/fisiobalans.com\/es\/#\/schema\/logo\/image\/"},"sameAs":["https:\/\/www.facebook.com\/fisiobalans","https:\/\/www.instagram.com\/fisiobalans\/"]}]}},"_links":{"self":[{"href":"https:\/\/fisiobalans.com\/es\/wp-json\/wp\/v2\/pages\/1260","targetHints":{"allow":["GET"]}}],"collection":[{"href":"https:\/\/fisiobalans.com\/es\/wp-json\/wp\/v2\/pages"}],"about":[{"href":"https:\/\/fisiobalans.com\/es\/wp-json\/wp\/v2\/types\/page"}],"author":[{"embeddable":true,"href":"https:\/\/fisiobalans.com\/es\/wp-json\/wp\/v2\/users\/1"}],"replies":[{"embeddable":true,"href":"https:\/\/fisiobalans.com\/es\/wp-json\/wp\/v2\/comments?post=1260"}],"version-history":[{"count":1,"href":"https:\/\/fisiobalans.com\/es\/wp-json\/wp\/v2\/pages\/1260\/revisions"}],"predecessor-version":[{"id":1261,"href":"https:\/\/fisiobalans.com\/es\/wp-json\/wp\/v2\/pages\/1260\/revisions\/1261"}],"wp:attachment":[{"href":"https:\/\/fisiobalans.com\/es\/wp-json\/wp\/v2\/media?parent=1260"}],"curies":[{"name":"wp","href":"https:\/\/api.w.org\/{rel}","templated":true}]}}