{"id":1264,"date":"2024-12-11T09:42:59","date_gmt":"2024-12-11T09:42:59","guid":{"rendered":"https:\/\/fisiobalans.com\/servicios\/osteopatia\/"},"modified":"2025-03-21T13:35:49","modified_gmt":"2025-03-21T13:35:49","slug":"osteopatia","status":"publish","type":"page","link":"https:\/\/fisiobalans.com\/es\/servicios\/osteopatia\/","title":{"rendered":"Osteopat\u00eda"},"content":{"rendered":"\t\t<div data-elementor-type=\"wp-page\" data-elementor-id=\"1264\" class=\"elementor elementor-1264 elementor-160\" data-elementor-post-type=\"page\">\n\t\t\t\t<div class=\"elementor-element elementor-element-1bb21da e-con-full e-flex e-con e-child\" data-id=\"1bb21da\" data-element_type=\"container\" data-e-type=\"container\">\n\t\t<div class=\"elementor-element elementor-element-426507e e-con-full e-flex e-con e-child\" data-id=\"426507e\" data-element_type=\"container\" data-e-type=\"container\">\n\t\t\t\t<div class=\"elementor-element elementor-element-184d0e8 elementor-widget elementor-widget-image\" data-id=\"184d0e8\" data-element_type=\"widget\" data-e-type=\"widget\" data-widget_type=\"image.default\">\n\t\t\t\t<div class=\"elementor-widget-container\">\n\t\t\t\t\t\t\t\t\t\t\t\t\t\t\t<img fetchpriority=\"high\" decoding=\"async\" width=\"600\" height=\"400\" src=\"https:\/\/fisiobalans.com\/wp-content\/uploads\/2025\/01\/osteopatia-destacada.jpg\" class=\"attachment-full size-full wp-image-1229\" alt=\"\" srcset=\"https:\/\/fisiobalans.com\/wp-content\/uploads\/2025\/01\/osteopatia-destacada.jpg 600w, https:\/\/fisiobalans.com\/wp-content\/uploads\/2025\/01\/osteopatia-destacada-300x200.jpg 300w\" sizes=\"(max-width: 600px) 100vw, 600px\" \/>\t\t\t\t\t\t\t\t\t\t\t\t\t\t\t<\/div>\n\t\t\t\t<\/div>\n\t\t\t\t<\/div>\n\t\t<div class=\"elementor-element elementor-element-25264cf e-con-full e-flex e-con e-child\" data-id=\"25264cf\" data-element_type=\"container\" data-e-type=\"container\">\n\t\t\t\t<div class=\"elementor-element elementor-element-f2d0359 elementor-widget elementor-widget-heading\" data-id=\"f2d0359\" data-element_type=\"widget\" data-e-type=\"widget\" data-widget_type=\"heading.default\">\n\t\t\t\t<div class=\"elementor-widget-container\">\n\t\t\t\t\t<h1 class=\"elementor-heading-title elementor-size-default\">Osteopat\u00eda<\/h1>\t\t\t\t<\/div>\n\t\t\t\t<\/div>\n\t\t\t\t<\/div>\n\t\t\t\t<\/div>\n\t\t<div class=\"elementor-element elementor-element-c19eaaa e-flex e-con-boxed e-con e-parent\" data-id=\"c19eaaa\" data-element_type=\"container\" data-e-type=\"container\" data-settings=\"{&quot;background_background&quot;:&quot;classic&quot;}\">\n\t\t\t\t\t<div class=\"e-con-inner\">\n\t\t<div class=\"elementor-element elementor-element-d7b967a e-con-full e-flex e-con e-child\" data-id=\"d7b967a\" data-element_type=\"container\" data-e-type=\"container\">\n\t\t\t\t<div class=\"elementor-element elementor-element-ac3e357 elementor-widget elementor-widget-heading\" data-id=\"ac3e357\" data-element_type=\"widget\" data-e-type=\"widget\" data-widget_type=\"heading.default\">\n\t\t\t\t<div class=\"elementor-widget-container\">\n\t\t\t\t\t<h3 class=\"elementor-heading-title elementor-size-default\">\u00bfEn qu\u00e9 consiste?<\/h3>\t\t\t\t<\/div>\n\t\t\t\t<\/div>\n\t\t\t\t<div class=\"elementor-element elementor-element-945ecfd elementor-icon-list--layout-traditional elementor-list-item-link-full_width elementor-widget elementor-widget-icon-list\" data-id=\"945ecfd\" data-element_type=\"widget\" data-e-type=\"widget\" data-widget_type=\"icon-list.default\">\n\t\t\t\t<div class=\"elementor-widget-container\">\n\t\t\t\t\t\t\t<ul class=\"elementor-icon-list-items\">\n\t\t\t\t\t\t\t<li class=\"elementor-icon-list-item\">\n\t\t\t\t\t\t\t\t\t\t\t<span class=\"elementor-icon-list-icon\">\n\t\t\t\t\t\t\t<svg aria-hidden=\"true\" class=\"e-font-icon-svg e-fas-check\" viewBox=\"0 0 512 512\" xmlns=\"http:\/\/www.w3.org\/2000\/svg\"><path d=\"M173.898 439.404l-166.4-166.4c-9.997-9.997-9.997-26.206 0-36.204l36.203-36.204c9.997-9.998 26.207-9.998 36.204 0L192 312.69 432.095 72.596c9.997-9.997 26.207-9.997 36.204 0l36.203 36.204c9.997 9.997 9.997 26.206 0 36.204l-294.4 294.401c-9.998 9.997-26.207 9.997-36.204-.001z\"><\/path><\/svg>\t\t\t\t\t\t<\/span>\n\t\t\t\t\t\t\t\t\t\t<span class=\"elementor-icon-list-text\">La osteopat\u00eda se centra en equilibrar el cuerpo mediante t\u00e9cnicas manuales que act\u00faan sobre los huesos, m\u00fasculos y tejidos.<\/span>\n\t\t\t\t\t\t\t\t\t<\/li>\n\t\t\t\t\t\t\t\t<li class=\"elementor-icon-list-item\">\n\t\t\t\t\t\t\t\t\t\t\t<span class=\"elementor-icon-list-icon\">\n\t\t\t\t\t\t\t<svg aria-hidden=\"true\" class=\"e-font-icon-svg e-fas-check\" viewBox=\"0 0 512 512\" xmlns=\"http:\/\/www.w3.org\/2000\/svg\"><path d=\"M173.898 439.404l-166.4-166.4c-9.997-9.997-9.997-26.206 0-36.204l36.203-36.204c9.997-9.998 26.207-9.998 36.204 0L192 312.69 432.095 72.596c9.997-9.997 26.207-9.997 36.204 0l36.203 36.204c9.997 9.997 9.997 26.206 0 36.204l-294.4 294.401c-9.998 9.997-26.207 9.997-36.204-.001z\"><\/path><\/svg>\t\t\t\t\t\t<\/span>\n\t\t\t\t\t\t\t\t\t\t<span class=\"elementor-icon-list-text\">Ayuda a restaurar la movilidad de las estructuras corporales y a aliviar dolores musculares y articulares.<\/span>\n\t\t\t\t\t\t\t\t\t<\/li>\n\t\t\t\t\t\t\t\t<li class=\"elementor-icon-list-item\">\n\t\t\t\t\t\t\t\t\t\t\t<span class=\"elementor-icon-list-icon\">\n\t\t\t\t\t\t\t<svg aria-hidden=\"true\" class=\"e-font-icon-svg e-fas-check\" viewBox=\"0 0 512 512\" xmlns=\"http:\/\/www.w3.org\/2000\/svg\"><path d=\"M173.898 439.404l-166.4-166.4c-9.997-9.997-9.997-26.206 0-36.204l36.203-36.204c9.997-9.998 26.207-9.998 36.204 0L192 312.69 432.095 72.596c9.997-9.997 26.207-9.997 36.204 0l36.203 36.204c9.997 9.997 9.997 26.206 0 36.204l-294.4 294.401c-9.998 9.997-26.207 9.997-36.204-.001z\"><\/path><\/svg>\t\t\t\t\t\t<\/span>\n\t\t\t\t\t\t\t\t\t\t<span class=\"elementor-icon-list-text\">Considera la relaci\u00f3n entre los sistemas del cuerpo para identificar y tratar el origen de los problemas de salud.<\/span>\n\t\t\t\t\t\t\t\t\t<\/li>\n\t\t\t\t\t\t\t\t<li class=\"elementor-icon-list-item\">\n\t\t\t\t\t\t\t\t\t\t\t<span class=\"elementor-icon-list-icon\">\n\t\t\t\t\t\t\t<svg aria-hidden=\"true\" class=\"e-font-icon-svg e-fas-check\" viewBox=\"0 0 512 512\" xmlns=\"http:\/\/www.w3.org\/2000\/svg\"><path d=\"M173.898 439.404l-166.4-166.4c-9.997-9.997-9.997-26.206 0-36.204l36.203-36.204c9.997-9.998 26.207-9.998 36.204 0L192 312.69 432.095 72.596c9.997-9.997 26.207-9.997 36.204 0l36.203 36.204c9.997 9.997 9.997 26.206 0 36.204l-294.4 294.401c-9.998 9.997-26.207 9.997-36.204-.001z\"><\/path><\/svg>\t\t\t\t\t\t<\/span>\n\t\t\t\t\t\t\t\t\t\t<span class=\"elementor-icon-list-text\">Es efectiva para dolores de espalda, cefaleas, problemas digestivos o tensiones posturales.<br><br><\/span>\n\t\t\t\t\t\t\t\t\t<\/li>\n\t\t\t\t\t\t\t\t<li class=\"elementor-icon-list-item\">\n\t\t\t\t\t\t\t\t\t\t\t<span class=\"elementor-icon-list-icon\">\n\t\t\t\t\t\t\t<svg aria-hidden=\"true\" class=\"e-font-icon-svg e-fas-check\" viewBox=\"0 0 512 512\" xmlns=\"http:\/\/www.w3.org\/2000\/svg\"><path d=\"M173.898 439.404l-166.4-166.4c-9.997-9.997-9.997-26.206 0-36.204l36.203-36.204c9.997-9.998 26.207-9.998 36.204 0L192 312.69 432.095 72.596c9.997-9.997 26.207-9.997 36.204 0l36.203 36.204c9.997 9.997 9.997 26.206 0 36.204l-294.4 294.401c-9.998 9.997-26.207 9.997-36.204-.001z\"><\/path><\/svg>\t\t\t\t\t\t<\/span>\n\t\t\t\t\t\t\t\t\t\t<span class=\"elementor-icon-list-text\">Estimula los mecanismos naturales del cuerpo para recuperarse y mantener el equilibrio.<br><br><\/span>\n\t\t\t\t\t\t\t\t\t<\/li>\n\t\t\t\t\t\t\t\t<li class=\"elementor-icon-list-item\">\n\t\t\t\t\t\t\t\t\t\t\t<span class=\"elementor-icon-list-icon\">\n\t\t\t\t\t\t\t<svg aria-hidden=\"true\" class=\"e-font-icon-svg e-fas-check\" viewBox=\"0 0 512 512\" xmlns=\"http:\/\/www.w3.org\/2000\/svg\"><path d=\"M173.898 439.404l-166.4-166.4c-9.997-9.997-9.997-26.206 0-36.204l36.203-36.204c9.997-9.998 26.207-9.998 36.204 0L192 312.69 432.095 72.596c9.997-9.997 26.207-9.997 36.204 0l36.203 36.204c9.997 9.997 9.997 26.206 0 36.204l-294.4 294.401c-9.998 9.997-26.207 9.997-36.204-.001z\"><\/path><\/svg>\t\t\t\t\t\t<\/span>\n\t\t\t\t\t\t\t\t\t\t<span class=\"elementor-icon-list-text\">Terapia dirigida a adolescentes, adultos y embarazadas.<br><br><\/span>\n\t\t\t\t\t\t\t\t\t<\/li>\n\t\t\t\t\t\t<\/ul>\n\t\t\t\t\t\t<\/div>\n\t\t\t\t<\/div>\n\t\t\t\t<\/div>\n\t\t<div class=\"elementor-element elementor-element-9a74034 e-con-full e-flex e-con e-child\" data-id=\"9a74034\" data-element_type=\"container\" data-e-type=\"container\">\n\t\t<div class=\"elementor-element elementor-element-6c7ae4c e-con-full e-flex e-con e-child\" data-id=\"6c7ae4c\" data-element_type=\"container\" data-e-type=\"container\">\n\t\t<div class=\"elementor-element elementor-element-2403ada e-con-full e-flex e-con e-child\" data-id=\"2403ada\" data-element_type=\"container\" data-e-type=\"container\" data-settings=\"{&quot;background_background&quot;:&quot;classic&quot;}\">\n\t\t\t\t<\/div>\n\t\t<div class=\"elementor-element elementor-element-b331d3f e-con-full e-flex e-con e-child\" data-id=\"b331d3f\" data-element_type=\"container\" data-e-type=\"container\" data-settings=\"{&quot;background_background&quot;:&quot;classic&quot;,&quot;position&quot;:&quot;absolute&quot;}\">\n\t\t\t\t<div class=\"elementor-element elementor-element-7de9f9d elementor-absolute elementor-view-default elementor-widget elementor-widget-icon\" data-id=\"7de9f9d\" data-element_type=\"widget\" data-e-type=\"widget\" data-settings=\"{&quot;_position&quot;:&quot;absolute&quot;}\" data-widget_type=\"icon.default\">\n\t\t\t\t<div class=\"elementor-widget-container\">\n\t\t\t\t\t\t\t<div class=\"elementor-icon-wrapper\">\n\t\t\t<div class=\"elementor-icon\">\n\t\t\t<svg aria-hidden=\"true\" class=\"e-font-icon-svg e-fas-quote-left\" viewBox=\"0 0 512 512\" xmlns=\"http:\/\/www.w3.org\/2000\/svg\"><path d=\"M464 256h-80v-64c0-35.3 28.7-64 64-64h8c13.3 0 24-10.7 24-24V56c0-13.3-10.7-24-24-24h-8c-88.4 0-160 71.6-160 160v240c0 26.5 21.5 48 48 48h128c26.5 0 48-21.5 48-48V304c0-26.5-21.5-48-48-48zm-288 0H96v-64c0-35.3 28.7-64 64-64h8c13.3 0 24-10.7 24-24V56c0-13.3-10.7-24-24-24h-8C71.6 32 0 103.6 0 192v240c0 26.5 21.5 48 48 48h128c26.5 0 48-21.5 48-48V304c0-26.5-21.5-48-48-48z\"><\/path><\/svg>\t\t\t<\/div>\n\t\t<\/div>\n\t\t\t\t\t\t<\/div>\n\t\t\t\t<\/div>\n\t\t\t\t<div class=\"elementor-element elementor-element-bc43d4e elementor-widget elementor-widget-text-editor\" data-id=\"bc43d4e\" data-element_type=\"widget\" data-e-type=\"widget\" data-widget_type=\"text-editor.default\">\n\t\t\t\t<div class=\"elementor-widget-container\">\n\t\t\t\t\t\t\t\t\t<p>La osteopat\u00eda es una terapia manual global que trata el origen de los desequilibrios del cuerpo, promoviendo la movilidad, la autocuraci\u00f3n y el bienestar integral.<\/p>\n\t\t\t\t\t\t\t\t<\/div>\n\t\t\t\t<\/div>\n\t\t\t\t<\/div>\n\t\t\t\t<\/div>\n\t\t\t\t<\/div>\n\t\t\t\t\t<\/div>\n\t\t\t\t<\/div>\n\t\t\t\t<\/div>\n\t\t","protected":false},"excerpt":{"rendered":"<p>\u00bfEn qu\u00e9 consiste? La osteopat\u00eda se centra en equilibrar el cuerpo mediante t\u00e9cnicas manuales que act\u00faan sobre los huesos, m\u00fasculos y tejidos. Ayuda a restaurar la movilidad de las estructuras corporales y a aliviar dolores musculares y articulares. Considera la relaci\u00f3n entre los sistemas del cuerpo para identificar y tratar el origen de los problemas [&hellip;]<\/p>\n","protected":false},"author":1,"featured_media":0,"parent":1260,"menu_order":0,"comment_status":"closed","ping_status":"closed","template":"","meta":{"_acf_changed":false,"footnotes":""},"class_list":["post-1264","page","type-page","status-publish","hentry"],"acf":[],"yoast_head":"<!-- This site is optimized with the Yoast SEO plugin v24.3 - https:\/\/yoast.com\/wordpress\/plugins\/seo\/ -->\n<title>Osteopat\u00eda - Fisiobalans<\/title>\n<meta name=\"robots\" content=\"index, follow, max-snippet:-1, max-image-preview:large, max-video-preview:-1\" \/>\n<link rel=\"canonical\" href=\"https:\/\/fisiobalans.com\/es\/servicios\/osteopatia\/\" \/>\n<meta property=\"og:locale\" content=\"es_ES\" \/>\n<meta property=\"og:type\" content=\"article\" \/>\n<meta property=\"og:title\" content=\"Osteopat\u00eda - Fisiobalans\" \/>\n<meta property=\"og:description\" content=\"\u00bfEn qu\u00e9 consiste? La osteopat\u00eda se centra en equilibrar el cuerpo mediante t\u00e9cnicas manuales que act\u00faan sobre los huesos, m\u00fasculos y tejidos. Ayuda a restaurar la movilidad de las estructuras corporales y a aliviar dolores musculares y articulares. Considera la relaci\u00f3n entre los sistemas del cuerpo para identificar y tratar el origen de los problemas [&hellip;]\" \/>\n<meta property=\"og:url\" content=\"https:\/\/fisiobalans.com\/es\/servicios\/osteopatia\/\" \/>\n<meta property=\"og:site_name\" content=\"Fisiobalans\" \/>\n<meta property=\"article:publisher\" content=\"https:\/\/www.facebook.com\/fisiobalans\" \/>\n<meta property=\"article:modified_time\" content=\"2025-03-21T13:35:49+00:00\" \/>\n<meta property=\"og:image\" content=\"https:\/\/fisiobalans.com\/wp-content\/uploads\/2025\/01\/osteopatia-destacada.jpg\" \/>\n\t<meta property=\"og:image:width\" content=\"600\" \/>\n\t<meta property=\"og:image:height\" content=\"400\" \/>\n\t<meta property=\"og:image:type\" content=\"image\/jpeg\" \/>\n<meta name=\"twitter:card\" content=\"summary_large_image\" \/>\n<meta name=\"twitter:label1\" content=\"Tiempo de lectura\" \/>\n\t<meta name=\"twitter:data1\" content=\"1 minuto\" \/>\n<script type=\"application\/ld+json\" class=\"yoast-schema-graph\">{\"@context\":\"https:\/\/schema.org\",\"@graph\":[{\"@type\":\"WebPage\",\"@id\":\"https:\/\/fisiobalans.com\/es\/servicios\/osteopatia\/\",\"url\":\"https:\/\/fisiobalans.com\/es\/servicios\/osteopatia\/\",\"name\":\"Osteopat\u00eda - Fisiobalans\",\"isPartOf\":{\"@id\":\"https:\/\/fisiobalans.com\/es\/#website\"},\"primaryImageOfPage\":{\"@id\":\"https:\/\/fisiobalans.com\/es\/servicios\/osteopatia\/#primaryimage\"},\"image\":{\"@id\":\"https:\/\/fisiobalans.com\/es\/servicios\/osteopatia\/#primaryimage\"},\"thumbnailUrl\":\"https:\/\/fisiobalans.com\/wp-content\/uploads\/2025\/01\/osteopatia-destacada.jpg\",\"datePublished\":\"2024-12-11T09:42:59+00:00\",\"dateModified\":\"2025-03-21T13:35:49+00:00\",\"breadcrumb\":{\"@id\":\"https:\/\/fisiobalans.com\/es\/servicios\/osteopatia\/#breadcrumb\"},\"inLanguage\":\"es\",\"potentialAction\":[{\"@type\":\"ReadAction\",\"target\":[\"https:\/\/fisiobalans.com\/es\/servicios\/osteopatia\/\"]}]},{\"@type\":\"ImageObject\",\"inLanguage\":\"es\",\"@id\":\"https:\/\/fisiobalans.com\/es\/servicios\/osteopatia\/#primaryimage\",\"url\":\"https:\/\/fisiobalans.com\/wp-content\/uploads\/2025\/01\/osteopatia-destacada.jpg\",\"contentUrl\":\"https:\/\/fisiobalans.com\/wp-content\/uploads\/2025\/01\/osteopatia-destacada.jpg\"},{\"@type\":\"BreadcrumbList\",\"@id\":\"https:\/\/fisiobalans.com\/es\/servicios\/osteopatia\/#breadcrumb\",\"itemListElement\":[{\"@type\":\"ListItem\",\"position\":1,\"name\":\"Portada\",\"item\":\"https:\/\/fisiobalans.com\/es\/inicio\/\"},{\"@type\":\"ListItem\",\"position\":2,\"name\":\"Servicios\",\"item\":\"https:\/\/fisiobalans.com\/es\/servicios\/\"},{\"@type\":\"ListItem\",\"position\":3,\"name\":\"Osteopat\u00eda\"}]},{\"@type\":\"WebSite\",\"@id\":\"https:\/\/fisiobalans.com\/es\/#website\",\"url\":\"https:\/\/fisiobalans.com\/es\/\",\"name\":\"Fisiobalans\",\"description\":\"\",\"publisher\":{\"@id\":\"https:\/\/fisiobalans.com\/es\/#organization\"},\"potentialAction\":[{\"@type\":\"SearchAction\",\"target\":{\"@type\":\"EntryPoint\",\"urlTemplate\":\"https:\/\/fisiobalans.com\/es\/?s={search_term_string}\"},\"query-input\":{\"@type\":\"PropertyValueSpecification\",\"valueRequired\":true,\"valueName\":\"search_term_string\"}}],\"inLanguage\":\"es\"},{\"@type\":\"Organization\",\"@id\":\"https:\/\/fisiobalans.com\/es\/#organization\",\"name\":\"Fisiobalans\",\"url\":\"https:\/\/fisiobalans.com\/es\/\",\"logo\":{\"@type\":\"ImageObject\",\"inLanguage\":\"es\",\"@id\":\"https:\/\/fisiobalans.com\/es\/#\/schema\/logo\/image\/\",\"url\":\"https:\/\/fisiobalans.com\/wp-content\/uploads\/2024\/12\/logo.png\",\"contentUrl\":\"https:\/\/fisiobalans.com\/wp-content\/uploads\/2024\/12\/logo.png\",\"width\":173,\"height\":58,\"caption\":\"Fisiobalans\"},\"image\":{\"@id\":\"https:\/\/fisiobalans.com\/es\/#\/schema\/logo\/image\/\"},\"sameAs\":[\"https:\/\/www.facebook.com\/fisiobalans\",\"https:\/\/www.instagram.com\/fisiobalans\/\"]}]}<\/script>\n<!-- \/ Yoast SEO plugin. -->","yoast_head_json":{"title":"Osteopat\u00eda - Fisiobalans","robots":{"index":"index","follow":"follow","max-snippet":"max-snippet:-1","max-image-preview":"max-image-preview:large","max-video-preview":"max-video-preview:-1"},"canonical":"https:\/\/fisiobalans.com\/es\/servicios\/osteopatia\/","og_locale":"es_ES","og_type":"article","og_title":"Osteopat\u00eda - Fisiobalans","og_description":"\u00bfEn qu\u00e9 consiste? La osteopat\u00eda se centra en equilibrar el cuerpo mediante t\u00e9cnicas manuales que act\u00faan sobre los huesos, m\u00fasculos y tejidos. Ayuda a restaurar la movilidad de las estructuras corporales y a aliviar dolores musculares y articulares. Considera la relaci\u00f3n entre los sistemas del cuerpo para identificar y tratar el origen de los problemas [&hellip;]","og_url":"https:\/\/fisiobalans.com\/es\/servicios\/osteopatia\/","og_site_name":"Fisiobalans","article_publisher":"https:\/\/www.facebook.com\/fisiobalans","article_modified_time":"2025-03-21T13:35:49+00:00","og_image":[{"width":600,"height":400,"url":"https:\/\/fisiobalans.com\/wp-content\/uploads\/2025\/01\/osteopatia-destacada.jpg","type":"image\/jpeg"}],"twitter_card":"summary_large_image","twitter_misc":{"Tiempo de lectura":"1 minuto"},"schema":{"@context":"https:\/\/schema.org","@graph":[{"@type":"WebPage","@id":"https:\/\/fisiobalans.com\/es\/servicios\/osteopatia\/","url":"https:\/\/fisiobalans.com\/es\/servicios\/osteopatia\/","name":"Osteopat\u00eda - Fisiobalans","isPartOf":{"@id":"https:\/\/fisiobalans.com\/es\/#website"},"primaryImageOfPage":{"@id":"https:\/\/fisiobalans.com\/es\/servicios\/osteopatia\/#primaryimage"},"image":{"@id":"https:\/\/fisiobalans.com\/es\/servicios\/osteopatia\/#primaryimage"},"thumbnailUrl":"https:\/\/fisiobalans.com\/wp-content\/uploads\/2025\/01\/osteopatia-destacada.jpg","datePublished":"2024-12-11T09:42:59+00:00","dateModified":"2025-03-21T13:35:49+00:00","breadcrumb":{"@id":"https:\/\/fisiobalans.com\/es\/servicios\/osteopatia\/#breadcrumb"},"inLanguage":"es","potentialAction":[{"@type":"ReadAction","target":["https:\/\/fisiobalans.com\/es\/servicios\/osteopatia\/"]}]},{"@type":"ImageObject","inLanguage":"es","@id":"https:\/\/fisiobalans.com\/es\/servicios\/osteopatia\/#primaryimage","url":"https:\/\/fisiobalans.com\/wp-content\/uploads\/2025\/01\/osteopatia-destacada.jpg","contentUrl":"https:\/\/fisiobalans.com\/wp-content\/uploads\/2025\/01\/osteopatia-destacada.jpg"},{"@type":"BreadcrumbList","@id":"https:\/\/fisiobalans.com\/es\/servicios\/osteopatia\/#breadcrumb","itemListElement":[{"@type":"ListItem","position":1,"name":"Portada","item":"https:\/\/fisiobalans.com\/es\/inicio\/"},{"@type":"ListItem","position":2,"name":"Servicios","item":"https:\/\/fisiobalans.com\/es\/servicios\/"},{"@type":"ListItem","position":3,"name":"Osteopat\u00eda"}]},{"@type":"WebSite","@id":"https:\/\/fisiobalans.com\/es\/#website","url":"https:\/\/fisiobalans.com\/es\/","name":"Fisiobalans","description":"","publisher":{"@id":"https:\/\/fisiobalans.com\/es\/#organization"},"potentialAction":[{"@type":"SearchAction","target":{"@type":"EntryPoint","urlTemplate":"https:\/\/fisiobalans.com\/es\/?s={search_term_string}"},"query-input":{"@type":"PropertyValueSpecification","valueRequired":true,"valueName":"search_term_string"}}],"inLanguage":"es"},{"@type":"Organization","@id":"https:\/\/fisiobalans.com\/es\/#organization","name":"Fisiobalans","url":"https:\/\/fisiobalans.com\/es\/","logo":{"@type":"ImageObject","inLanguage":"es","@id":"https:\/\/fisiobalans.com\/es\/#\/schema\/logo\/image\/","url":"https:\/\/fisiobalans.com\/wp-content\/uploads\/2024\/12\/logo.png","contentUrl":"https:\/\/fisiobalans.com\/wp-content\/uploads\/2024\/12\/logo.png","width":173,"height":58,"caption":"Fisiobalans"},"image":{"@id":"https:\/\/fisiobalans.com\/es\/#\/schema\/logo\/image\/"},"sameAs":["https:\/\/www.facebook.com\/fisiobalans","https:\/\/www.instagram.com\/fisiobalans\/"]}]}},"_links":{"self":[{"href":"https:\/\/fisiobalans.com\/es\/wp-json\/wp\/v2\/pages\/1264","targetHints":{"allow":["GET"]}}],"collection":[{"href":"https:\/\/fisiobalans.com\/es\/wp-json\/wp\/v2\/pages"}],"about":[{"href":"https:\/\/fisiobalans.com\/es\/wp-json\/wp\/v2\/types\/page"}],"author":[{"embeddable":true,"href":"https:\/\/fisiobalans.com\/es\/wp-json\/wp\/v2\/users\/1"}],"replies":[{"embeddable":true,"href":"https:\/\/fisiobalans.com\/es\/wp-json\/wp\/v2\/comments?post=1264"}],"version-history":[{"count":3,"href":"https:\/\/fisiobalans.com\/es\/wp-json\/wp\/v2\/pages\/1264\/revisions"}],"predecessor-version":[{"id":1362,"href":"https:\/\/fisiobalans.com\/es\/wp-json\/wp\/v2\/pages\/1264\/revisions\/1362"}],"up":[{"embeddable":true,"href":"https:\/\/fisiobalans.com\/es\/wp-json\/wp\/v2\/pages\/1260"}],"wp:attachment":[{"href":"https:\/\/fisiobalans.com\/es\/wp-json\/wp\/v2\/media?parent=1264"}],"curies":[{"name":"wp","href":"https:\/\/api.w.org\/{rel}","templated":true}]}}