{"id":1272,"date":"2024-12-11T09:48:21","date_gmt":"2024-12-11T09:48:21","guid":{"rendered":"https:\/\/fisiobalans.com\/servicios\/indiba-actib\/"},"modified":"2025-03-21T13:33:35","modified_gmt":"2025-03-21T13:33:35","slug":"indiba-actib","status":"publish","type":"page","link":"https:\/\/fisiobalans.com\/es\/servicios\/indiba-actib\/","title":{"rendered":"Indiba Activ"},"content":{"rendered":"\t\t<div data-elementor-type=\"wp-page\" data-elementor-id=\"1272\" class=\"elementor elementor-1272 elementor-170\" data-elementor-post-type=\"page\">\n\t\t\t\t<div class=\"elementor-element elementor-element-b16db81 e-con-full e-flex e-con e-child\" data-id=\"b16db81\" data-element_type=\"container\" data-e-type=\"container\">\n\t\t<div class=\"elementor-element elementor-element-e8c322c e-con-full e-flex e-con e-child\" data-id=\"e8c322c\" data-element_type=\"container\" data-e-type=\"container\">\n\t\t\t\t<div class=\"elementor-element elementor-element-ce6fdd2 elementor-widget elementor-widget-image\" data-id=\"ce6fdd2\" data-element_type=\"widget\" data-e-type=\"widget\" data-widget_type=\"image.default\">\n\t\t\t\t<div class=\"elementor-widget-container\">\n\t\t\t\t\t\t\t\t\t\t\t\t\t\t\t<img fetchpriority=\"high\" decoding=\"async\" width=\"600\" height=\"456\" src=\"https:\/\/fisiobalans.com\/wp-content\/uploads\/2024\/12\/Indiba.jpg\" class=\"attachment-full size-full wp-image-1217\" alt=\"\" srcset=\"https:\/\/fisiobalans.com\/wp-content\/uploads\/2024\/12\/Indiba.jpg 600w, https:\/\/fisiobalans.com\/wp-content\/uploads\/2024\/12\/Indiba-300x228.jpg 300w\" sizes=\"(max-width: 600px) 100vw, 600px\" \/>\t\t\t\t\t\t\t\t\t\t\t\t\t\t\t<\/div>\n\t\t\t\t<\/div>\n\t\t\t\t<\/div>\n\t\t<div class=\"elementor-element elementor-element-83310f4 e-con-full e-flex e-con e-child\" data-id=\"83310f4\" data-element_type=\"container\" data-e-type=\"container\">\n\t\t\t\t<div class=\"elementor-element elementor-element-c7e1671 elementor-widget elementor-widget-heading\" data-id=\"c7e1671\" data-element_type=\"widget\" data-e-type=\"widget\" data-widget_type=\"heading.default\">\n\t\t\t\t<div class=\"elementor-widget-container\">\n\t\t\t\t\t<h1 class=\"elementor-heading-title elementor-size-default\">Indiba Activ<\/h1>\t\t\t\t<\/div>\n\t\t\t\t<\/div>\n\t\t\t\t<\/div>\n\t\t\t\t<\/div>\n\t\t<div class=\"elementor-element elementor-element-adcadac e-flex e-con-boxed e-con e-parent\" data-id=\"adcadac\" data-element_type=\"container\" data-e-type=\"container\" data-settings=\"{&quot;background_background&quot;:&quot;classic&quot;}\">\n\t\t\t\t\t<div class=\"e-con-inner\">\n\t\t<div class=\"elementor-element elementor-element-9703476 e-con-full e-flex e-con e-child\" data-id=\"9703476\" data-element_type=\"container\" data-e-type=\"container\">\n\t\t\t\t<div class=\"elementor-element elementor-element-f9b17b9 elementor-widget elementor-widget-heading\" data-id=\"f9b17b9\" data-element_type=\"widget\" data-e-type=\"widget\" data-widget_type=\"heading.default\">\n\t\t\t\t<div class=\"elementor-widget-container\">\n\t\t\t\t\t<h3 class=\"elementor-heading-title elementor-size-default\">\u00bfEn qu\u00e9 consiste?<\/h3>\t\t\t\t<\/div>\n\t\t\t\t<\/div>\n\t\t\t\t<div class=\"elementor-element elementor-element-9fe919e elementor-icon-list--layout-traditional elementor-list-item-link-full_width elementor-widget elementor-widget-icon-list\" data-id=\"9fe919e\" data-element_type=\"widget\" data-e-type=\"widget\" data-widget_type=\"icon-list.default\">\n\t\t\t\t<div class=\"elementor-widget-container\">\n\t\t\t\t\t\t\t<ul class=\"elementor-icon-list-items\">\n\t\t\t\t\t\t\t<li class=\"elementor-icon-list-item\">\n\t\t\t\t\t\t\t\t\t\t\t<span class=\"elementor-icon-list-icon\">\n\t\t\t\t\t\t\t<svg aria-hidden=\"true\" class=\"e-font-icon-svg e-fas-check\" viewBox=\"0 0 512 512\" xmlns=\"http:\/\/www.w3.org\/2000\/svg\"><path d=\"M173.898 439.404l-166.4-166.4c-9.997-9.997-9.997-26.206 0-36.204l36.203-36.204c9.997-9.998 26.207-9.998 36.204 0L192 312.69 432.095 72.596c9.997-9.997 26.207-9.997 36.204 0l36.203 36.204c9.997 9.997 9.997 26.206 0 36.204l-294.4 294.401c-9.998 9.997-26.207 9.997-36.204-.001z\"><\/path><\/svg>\t\t\t\t\t\t<\/span>\n\t\t\t\t\t\t\t\t\t\t<span class=\"elementor-icon-list-text\">INDIBA\u00ae es la terapia l\u00edder del mercado en tratamientos de Radiofrecuencia (448Hz). Se aplica una corriente provocando la aceleraci\u00f3n de la recuperaci\u00f3n natural de los tejidos, obteniendo una reducci\u00f3n del dolor, favoreciendo al r\u00e1pido retorno a la actividad. Todo ello, combinado con las habilidades din\u00e1micas manuales del fisioterapeuta genera resultados desde la primera sesi\u00f3n.<\/span>\n\t\t\t\t\t\t\t\t\t<\/li>\n\t\t\t\t\t\t\t\t<li class=\"elementor-icon-list-item\">\n\t\t\t\t\t\t\t\t\t\t\t<span class=\"elementor-icon-list-icon\">\n\t\t\t\t\t\t\t<svg aria-hidden=\"true\" class=\"e-font-icon-svg e-fas-check\" viewBox=\"0 0 512 512\" xmlns=\"http:\/\/www.w3.org\/2000\/svg\"><path d=\"M173.898 439.404l-166.4-166.4c-9.997-9.997-9.997-26.206 0-36.204l36.203-36.204c9.997-9.998 26.207-9.998 36.204 0L192 312.69 432.095 72.596c9.997-9.997 26.207-9.997 36.204 0l36.203 36.204c9.997 9.997 9.997 26.206 0 36.204l-294.4 294.401c-9.998 9.997-26.207 9.997-36.204-.001z\"><\/path><\/svg>\t\t\t\t\t\t<\/span>\n\t\t\t\t\t\t\t\t\t\t<span class=\"elementor-icon-list-text\"><br>Est\u00e1 indicado en un amplio espectro de patolog\u00edas del aparato locomotor (dolor, edema, inflamaci\u00f3n, lesiones musculares, lesiones articulares y tejidos m\u00e1s duros, p\u00e9rdida funcional y\/o p\u00e9rdida del movimiento). Tambi\u00e9n es eficaz durante procesos de rehabilitaci\u00f3n y disfunci\u00f3n del suelo p\u00e9lvico.<\/span>\n\t\t\t\t\t\t\t\t\t<\/li>\n\t\t\t\t\t\t\t\t<li class=\"elementor-icon-list-item\">\n\t\t\t\t\t\t\t\t\t\t\t<span class=\"elementor-icon-list-icon\">\n\t\t\t\t\t\t\t<svg aria-hidden=\"true\" class=\"e-font-icon-svg e-fas-check\" viewBox=\"0 0 512 512\" xmlns=\"http:\/\/www.w3.org\/2000\/svg\"><path d=\"M173.898 439.404l-166.4-166.4c-9.997-9.997-9.997-26.206 0-36.204l36.203-36.204c9.997-9.998 26.207-9.998 36.204 0L192 312.69 432.095 72.596c9.997-9.997 26.207-9.997 36.204 0l36.203 36.204c9.997 9.997 9.997 26.206 0 36.204l-294.4 294.401c-9.998 9.997-26.207 9.997-36.204-.001z\"><\/path><\/svg>\t\t\t\t\t\t<\/span>\n\t\t\t\t\t\t\t\t\t\t<span class=\"elementor-icon-list-text\">Esta t\u00e9cnica combinada con la fisioterapia convencional da muy buenos resultados desde la primera sesi\u00f3n.<\/span>\n\t\t\t\t\t\t\t\t\t<\/li>\n\t\t\t\t\t\t<\/ul>\n\t\t\t\t\t\t<\/div>\n\t\t\t\t<\/div>\n\t\t\t\t<\/div>\n\t\t<div class=\"elementor-element elementor-element-2e3d7a9 e-con-full e-flex e-con e-child\" data-id=\"2e3d7a9\" data-element_type=\"container\" data-e-type=\"container\">\n\t\t<div class=\"elementor-element elementor-element-64d4c9a e-con-full e-flex e-con e-child\" data-id=\"64d4c9a\" data-element_type=\"container\" data-e-type=\"container\">\n\t\t<div class=\"elementor-element elementor-element-f373837 e-con-full e-flex e-con e-child\" data-id=\"f373837\" data-element_type=\"container\" data-e-type=\"container\" data-settings=\"{&quot;background_background&quot;:&quot;classic&quot;}\">\n\t\t\t\t<\/div>\n\t\t<div class=\"elementor-element elementor-element-78615bd e-con-full e-flex e-con e-child\" data-id=\"78615bd\" data-element_type=\"container\" data-e-type=\"container\" data-settings=\"{&quot;background_background&quot;:&quot;classic&quot;,&quot;position&quot;:&quot;absolute&quot;}\">\n\t\t\t\t<div class=\"elementor-element elementor-element-3025b77 elementor-absolute elementor-view-default elementor-widget elementor-widget-icon\" data-id=\"3025b77\" data-element_type=\"widget\" data-e-type=\"widget\" data-settings=\"{&quot;_position&quot;:&quot;absolute&quot;}\" data-widget_type=\"icon.default\">\n\t\t\t\t<div class=\"elementor-widget-container\">\n\t\t\t\t\t\t\t<div class=\"elementor-icon-wrapper\">\n\t\t\t<div class=\"elementor-icon\">\n\t\t\t<svg aria-hidden=\"true\" class=\"e-font-icon-svg e-fas-quote-left\" viewBox=\"0 0 512 512\" xmlns=\"http:\/\/www.w3.org\/2000\/svg\"><path d=\"M464 256h-80v-64c0-35.3 28.7-64 64-64h8c13.3 0 24-10.7 24-24V56c0-13.3-10.7-24-24-24h-8c-88.4 0-160 71.6-160 160v240c0 26.5 21.5 48 48 48h128c26.5 0 48-21.5 48-48V304c0-26.5-21.5-48-48-48zm-288 0H96v-64c0-35.3 28.7-64 64-64h8c13.3 0 24-10.7 24-24V56c0-13.3-10.7-24-24-24h-8C71.6 32 0 103.6 0 192v240c0 26.5 21.5 48 48 48h128c26.5 0 48-21.5 48-48V304c0-26.5-21.5-48-48-48z\"><\/path><\/svg>\t\t\t<\/div>\n\t\t<\/div>\n\t\t\t\t\t\t<\/div>\n\t\t\t\t<\/div>\n\t\t\t\t<div class=\"elementor-element elementor-element-df2eaf2 elementor-widget elementor-widget-text-editor\" data-id=\"df2eaf2\" data-element_type=\"widget\" data-e-type=\"widget\" data-widget_type=\"text-editor.default\">\n\t\t\t\t<div class=\"elementor-widget-container\">\n\t\t\t\t\t\t\t\t\t<p>El m\u00e9todo INDIBA Activ acelera la regeneraci\u00f3n de los tejidos, alivia el dolor y mejora la movilidad para recuperar tu salud de manera r\u00e1pida y efectiva.<\/p>\n\t\t\t\t\t\t\t\t<\/div>\n\t\t\t\t<\/div>\n\t\t\t\t<\/div>\n\t\t\t\t<\/div>\n\t\t\t\t<\/div>\n\t\t\t\t\t<\/div>\n\t\t\t\t<\/div>\n\t\t\t\t<\/div>\n\t\t","protected":false},"excerpt":{"rendered":"<p>\u00bfEn qu\u00e9 consiste? INDIBA\u00ae es la terapia l\u00edder del mercado en tratamientos de Radiofrecuencia (448Hz). Se aplica una corriente provocando la aceleraci\u00f3n de la recuperaci\u00f3n natural de los tejidos, obteniendo una reducci\u00f3n del dolor, favoreciendo al r\u00e1pido retorno a la actividad. Todo ello, combinado con las habilidades din\u00e1micas manuales del fisioterapeuta genera resultados desde la [&hellip;]<\/p>\n","protected":false},"author":1,"featured_media":0,"parent":1260,"menu_order":0,"comment_status":"closed","ping_status":"closed","template":"","meta":{"_acf_changed":false,"footnotes":""},"class_list":["post-1272","page","type-page","status-publish","hentry"],"acf":[],"yoast_head":"<!-- This site is optimized with the Yoast SEO plugin v24.3 - https:\/\/yoast.com\/wordpress\/plugins\/seo\/ -->\n<title>Indiba Activ - Fisiobalans<\/title>\n<meta name=\"robots\" content=\"index, follow, max-snippet:-1, max-image-preview:large, max-video-preview:-1\" \/>\n<link rel=\"canonical\" href=\"https:\/\/fisiobalans.com\/es\/servicios\/indiba-actib\/\" \/>\n<meta property=\"og:locale\" content=\"es_ES\" \/>\n<meta property=\"og:type\" content=\"article\" \/>\n<meta property=\"og:title\" content=\"Indiba Activ - Fisiobalans\" \/>\n<meta property=\"og:description\" content=\"\u00bfEn qu\u00e9 consiste? INDIBA\u00ae es la terapia l\u00edder del mercado en tratamientos de Radiofrecuencia (448Hz). Se aplica una corriente provocando la aceleraci\u00f3n de la recuperaci\u00f3n natural de los tejidos, obteniendo una reducci\u00f3n del dolor, favoreciendo al r\u00e1pido retorno a la actividad. Todo ello, combinado con las habilidades din\u00e1micas manuales del fisioterapeuta genera resultados desde la [&hellip;]\" \/>\n<meta property=\"og:url\" content=\"https:\/\/fisiobalans.com\/es\/servicios\/indiba-actib\/\" \/>\n<meta property=\"og:site_name\" content=\"Fisiobalans\" \/>\n<meta property=\"article:publisher\" content=\"https:\/\/www.facebook.com\/fisiobalans\" \/>\n<meta property=\"article:modified_time\" content=\"2025-03-21T13:33:35+00:00\" \/>\n<meta property=\"og:image\" content=\"https:\/\/fisiobalans.com\/wp-content\/uploads\/2024\/12\/Indiba.jpg\" \/>\n\t<meta property=\"og:image:width\" content=\"600\" \/>\n\t<meta property=\"og:image:height\" content=\"456\" \/>\n\t<meta property=\"og:image:type\" content=\"image\/jpeg\" \/>\n<meta name=\"twitter:card\" content=\"summary_large_image\" \/>\n<meta name=\"twitter:label1\" content=\"Tiempo de lectura\" \/>\n\t<meta name=\"twitter:data1\" content=\"1 minuto\" \/>\n<script type=\"application\/ld+json\" class=\"yoast-schema-graph\">{\"@context\":\"https:\/\/schema.org\",\"@graph\":[{\"@type\":\"WebPage\",\"@id\":\"https:\/\/fisiobalans.com\/es\/servicios\/indiba-actib\/\",\"url\":\"https:\/\/fisiobalans.com\/es\/servicios\/indiba-actib\/\",\"name\":\"Indiba Activ - Fisiobalans\",\"isPartOf\":{\"@id\":\"https:\/\/fisiobalans.com\/es\/#website\"},\"primaryImageOfPage\":{\"@id\":\"https:\/\/fisiobalans.com\/es\/servicios\/indiba-actib\/#primaryimage\"},\"image\":{\"@id\":\"https:\/\/fisiobalans.com\/es\/servicios\/indiba-actib\/#primaryimage\"},\"thumbnailUrl\":\"https:\/\/fisiobalans.com\/wp-content\/uploads\/2024\/12\/Indiba.jpg\",\"datePublished\":\"2024-12-11T09:48:21+00:00\",\"dateModified\":\"2025-03-21T13:33:35+00:00\",\"breadcrumb\":{\"@id\":\"https:\/\/fisiobalans.com\/es\/servicios\/indiba-actib\/#breadcrumb\"},\"inLanguage\":\"es\",\"potentialAction\":[{\"@type\":\"ReadAction\",\"target\":[\"https:\/\/fisiobalans.com\/es\/servicios\/indiba-actib\/\"]}]},{\"@type\":\"ImageObject\",\"inLanguage\":\"es\",\"@id\":\"https:\/\/fisiobalans.com\/es\/servicios\/indiba-actib\/#primaryimage\",\"url\":\"https:\/\/fisiobalans.com\/wp-content\/uploads\/2024\/12\/Indiba.jpg\",\"contentUrl\":\"https:\/\/fisiobalans.com\/wp-content\/uploads\/2024\/12\/Indiba.jpg\"},{\"@type\":\"BreadcrumbList\",\"@id\":\"https:\/\/fisiobalans.com\/es\/servicios\/indiba-actib\/#breadcrumb\",\"itemListElement\":[{\"@type\":\"ListItem\",\"position\":1,\"name\":\"Portada\",\"item\":\"https:\/\/fisiobalans.com\/es\/inicio\/\"},{\"@type\":\"ListItem\",\"position\":2,\"name\":\"Servicios\",\"item\":\"https:\/\/fisiobalans.com\/es\/servicios\/\"},{\"@type\":\"ListItem\",\"position\":3,\"name\":\"Indiba Activ\"}]},{\"@type\":\"WebSite\",\"@id\":\"https:\/\/fisiobalans.com\/es\/#website\",\"url\":\"https:\/\/fisiobalans.com\/es\/\",\"name\":\"Fisiobalans\",\"description\":\"\",\"publisher\":{\"@id\":\"https:\/\/fisiobalans.com\/es\/#organization\"},\"potentialAction\":[{\"@type\":\"SearchAction\",\"target\":{\"@type\":\"EntryPoint\",\"urlTemplate\":\"https:\/\/fisiobalans.com\/es\/?s={search_term_string}\"},\"query-input\":{\"@type\":\"PropertyValueSpecification\",\"valueRequired\":true,\"valueName\":\"search_term_string\"}}],\"inLanguage\":\"es\"},{\"@type\":\"Organization\",\"@id\":\"https:\/\/fisiobalans.com\/es\/#organization\",\"name\":\"Fisiobalans\",\"url\":\"https:\/\/fisiobalans.com\/es\/\",\"logo\":{\"@type\":\"ImageObject\",\"inLanguage\":\"es\",\"@id\":\"https:\/\/fisiobalans.com\/es\/#\/schema\/logo\/image\/\",\"url\":\"https:\/\/fisiobalans.com\/wp-content\/uploads\/2024\/12\/logo.png\",\"contentUrl\":\"https:\/\/fisiobalans.com\/wp-content\/uploads\/2024\/12\/logo.png\",\"width\":173,\"height\":58,\"caption\":\"Fisiobalans\"},\"image\":{\"@id\":\"https:\/\/fisiobalans.com\/es\/#\/schema\/logo\/image\/\"},\"sameAs\":[\"https:\/\/www.facebook.com\/fisiobalans\",\"https:\/\/www.instagram.com\/fisiobalans\/\"]}]}<\/script>\n<!-- \/ Yoast SEO plugin. -->","yoast_head_json":{"title":"Indiba Activ - Fisiobalans","robots":{"index":"index","follow":"follow","max-snippet":"max-snippet:-1","max-image-preview":"max-image-preview:large","max-video-preview":"max-video-preview:-1"},"canonical":"https:\/\/fisiobalans.com\/es\/servicios\/indiba-actib\/","og_locale":"es_ES","og_type":"article","og_title":"Indiba Activ - Fisiobalans","og_description":"\u00bfEn qu\u00e9 consiste? INDIBA\u00ae es la terapia l\u00edder del mercado en tratamientos de Radiofrecuencia (448Hz). Se aplica una corriente provocando la aceleraci\u00f3n de la recuperaci\u00f3n natural de los tejidos, obteniendo una reducci\u00f3n del dolor, favoreciendo al r\u00e1pido retorno a la actividad. Todo ello, combinado con las habilidades din\u00e1micas manuales del fisioterapeuta genera resultados desde la [&hellip;]","og_url":"https:\/\/fisiobalans.com\/es\/servicios\/indiba-actib\/","og_site_name":"Fisiobalans","article_publisher":"https:\/\/www.facebook.com\/fisiobalans","article_modified_time":"2025-03-21T13:33:35+00:00","og_image":[{"width":600,"height":456,"url":"https:\/\/fisiobalans.com\/wp-content\/uploads\/2024\/12\/Indiba.jpg","type":"image\/jpeg"}],"twitter_card":"summary_large_image","twitter_misc":{"Tiempo de lectura":"1 minuto"},"schema":{"@context":"https:\/\/schema.org","@graph":[{"@type":"WebPage","@id":"https:\/\/fisiobalans.com\/es\/servicios\/indiba-actib\/","url":"https:\/\/fisiobalans.com\/es\/servicios\/indiba-actib\/","name":"Indiba Activ - Fisiobalans","isPartOf":{"@id":"https:\/\/fisiobalans.com\/es\/#website"},"primaryImageOfPage":{"@id":"https:\/\/fisiobalans.com\/es\/servicios\/indiba-actib\/#primaryimage"},"image":{"@id":"https:\/\/fisiobalans.com\/es\/servicios\/indiba-actib\/#primaryimage"},"thumbnailUrl":"https:\/\/fisiobalans.com\/wp-content\/uploads\/2024\/12\/Indiba.jpg","datePublished":"2024-12-11T09:48:21+00:00","dateModified":"2025-03-21T13:33:35+00:00","breadcrumb":{"@id":"https:\/\/fisiobalans.com\/es\/servicios\/indiba-actib\/#breadcrumb"},"inLanguage":"es","potentialAction":[{"@type":"ReadAction","target":["https:\/\/fisiobalans.com\/es\/servicios\/indiba-actib\/"]}]},{"@type":"ImageObject","inLanguage":"es","@id":"https:\/\/fisiobalans.com\/es\/servicios\/indiba-actib\/#primaryimage","url":"https:\/\/fisiobalans.com\/wp-content\/uploads\/2024\/12\/Indiba.jpg","contentUrl":"https:\/\/fisiobalans.com\/wp-content\/uploads\/2024\/12\/Indiba.jpg"},{"@type":"BreadcrumbList","@id":"https:\/\/fisiobalans.com\/es\/servicios\/indiba-actib\/#breadcrumb","itemListElement":[{"@type":"ListItem","position":1,"name":"Portada","item":"https:\/\/fisiobalans.com\/es\/inicio\/"},{"@type":"ListItem","position":2,"name":"Servicios","item":"https:\/\/fisiobalans.com\/es\/servicios\/"},{"@type":"ListItem","position":3,"name":"Indiba Activ"}]},{"@type":"WebSite","@id":"https:\/\/fisiobalans.com\/es\/#website","url":"https:\/\/fisiobalans.com\/es\/","name":"Fisiobalans","description":"","publisher":{"@id":"https:\/\/fisiobalans.com\/es\/#organization"},"potentialAction":[{"@type":"SearchAction","target":{"@type":"EntryPoint","urlTemplate":"https:\/\/fisiobalans.com\/es\/?s={search_term_string}"},"query-input":{"@type":"PropertyValueSpecification","valueRequired":true,"valueName":"search_term_string"}}],"inLanguage":"es"},{"@type":"Organization","@id":"https:\/\/fisiobalans.com\/es\/#organization","name":"Fisiobalans","url":"https:\/\/fisiobalans.com\/es\/","logo":{"@type":"ImageObject","inLanguage":"es","@id":"https:\/\/fisiobalans.com\/es\/#\/schema\/logo\/image\/","url":"https:\/\/fisiobalans.com\/wp-content\/uploads\/2024\/12\/logo.png","contentUrl":"https:\/\/fisiobalans.com\/wp-content\/uploads\/2024\/12\/logo.png","width":173,"height":58,"caption":"Fisiobalans"},"image":{"@id":"https:\/\/fisiobalans.com\/es\/#\/schema\/logo\/image\/"},"sameAs":["https:\/\/www.facebook.com\/fisiobalans","https:\/\/www.instagram.com\/fisiobalans\/"]}]}},"_links":{"self":[{"href":"https:\/\/fisiobalans.com\/es\/wp-json\/wp\/v2\/pages\/1272","targetHints":{"allow":["GET"]}}],"collection":[{"href":"https:\/\/fisiobalans.com\/es\/wp-json\/wp\/v2\/pages"}],"about":[{"href":"https:\/\/fisiobalans.com\/es\/wp-json\/wp\/v2\/types\/page"}],"author":[{"embeddable":true,"href":"https:\/\/fisiobalans.com\/es\/wp-json\/wp\/v2\/users\/1"}],"replies":[{"embeddable":true,"href":"https:\/\/fisiobalans.com\/es\/wp-json\/wp\/v2\/comments?post=1272"}],"version-history":[{"count":7,"href":"https:\/\/fisiobalans.com\/es\/wp-json\/wp\/v2\/pages\/1272\/revisions"}],"predecessor-version":[{"id":1359,"href":"https:\/\/fisiobalans.com\/es\/wp-json\/wp\/v2\/pages\/1272\/revisions\/1359"}],"up":[{"embeddable":true,"href":"https:\/\/fisiobalans.com\/es\/wp-json\/wp\/v2\/pages\/1260"}],"wp:attachment":[{"href":"https:\/\/fisiobalans.com\/es\/wp-json\/wp\/v2\/media?parent=1272"}],"curies":[{"name":"wp","href":"https:\/\/api.w.org\/{rel}","templated":true}]}}