{"id":1278,"date":"2024-12-11T09:47:12","date_gmt":"2024-12-11T09:47:12","guid":{"rendered":"https:\/\/fisiobalans.com\/servicios\/presoterapia\/"},"modified":"2025-01-20T12:26:57","modified_gmt":"2025-01-20T12:26:57","slug":"presoterapia","status":"publish","type":"page","link":"https:\/\/fisiobalans.com\/es\/servicios\/presoterapia\/","title":{"rendered":"Presoterapia"},"content":{"rendered":"\t\t<div data-elementor-type=\"wp-page\" data-elementor-id=\"1278\" class=\"elementor elementor-1278 elementor-166\" data-elementor-post-type=\"page\">\n\t\t\t\t<div class=\"elementor-element elementor-element-e32c1fb e-con-full e-flex e-con e-child\" data-id=\"e32c1fb\" data-element_type=\"container\" data-e-type=\"container\">\n\t\t<div class=\"elementor-element elementor-element-883b660 e-con-full e-flex e-con e-child\" data-id=\"883b660\" data-element_type=\"container\" data-e-type=\"container\">\n\t\t\t\t<div class=\"elementor-element elementor-element-e1e9611 elementor-widget elementor-widget-image\" data-id=\"e1e9611\" data-element_type=\"widget\" data-e-type=\"widget\" data-widget_type=\"image.default\">\n\t\t\t\t<div class=\"elementor-widget-container\">\n\t\t\t\t\t\t\t\t\t\t\t\t\t\t\t<img fetchpriority=\"high\" decoding=\"async\" width=\"600\" height=\"400\" src=\"https:\/\/fisiobalans.com\/wp-content\/uploads\/2025\/01\/pressoterapia-destacada.jpg\" class=\"attachment-full size-full wp-image-1230\" alt=\"\" srcset=\"https:\/\/fisiobalans.com\/wp-content\/uploads\/2025\/01\/pressoterapia-destacada.jpg 600w, https:\/\/fisiobalans.com\/wp-content\/uploads\/2025\/01\/pressoterapia-destacada-300x200.jpg 300w\" sizes=\"(max-width: 600px) 100vw, 600px\" \/>\t\t\t\t\t\t\t\t\t\t\t\t\t\t\t<\/div>\n\t\t\t\t<\/div>\n\t\t\t\t<\/div>\n\t\t<div class=\"elementor-element elementor-element-210b149 e-con-full e-flex e-con e-child\" data-id=\"210b149\" data-element_type=\"container\" data-e-type=\"container\">\n\t\t\t\t<div class=\"elementor-element elementor-element-f804427 elementor-widget elementor-widget-heading\" data-id=\"f804427\" data-element_type=\"widget\" data-e-type=\"widget\" data-widget_type=\"heading.default\">\n\t\t\t\t<div class=\"elementor-widget-container\">\n\t\t\t\t\t<h1 class=\"elementor-heading-title elementor-size-default\">Presoterapia<\/h1>\t\t\t\t<\/div>\n\t\t\t\t<\/div>\n\t\t\t\t<\/div>\n\t\t\t\t<\/div>\n\t\t<div class=\"elementor-element elementor-element-cf64700 e-flex e-con-boxed e-con e-parent\" data-id=\"cf64700\" data-element_type=\"container\" data-e-type=\"container\" data-settings=\"{&quot;background_background&quot;:&quot;classic&quot;}\">\n\t\t\t\t\t<div class=\"e-con-inner\">\n\t\t<div class=\"elementor-element elementor-element-36a60a6 e-con-full e-flex e-con e-child\" data-id=\"36a60a6\" data-element_type=\"container\" data-e-type=\"container\">\n\t\t\t\t<div class=\"elementor-element elementor-element-652a653 elementor-widget elementor-widget-heading\" data-id=\"652a653\" data-element_type=\"widget\" data-e-type=\"widget\" data-widget_type=\"heading.default\">\n\t\t\t\t<div class=\"elementor-widget-container\">\n\t\t\t\t\t<h3 class=\"elementor-heading-title elementor-size-default\">\u00bfEn qu\u00e9 consiste?<\/h3>\t\t\t\t<\/div>\n\t\t\t\t<\/div>\n\t\t\t\t<div class=\"elementor-element elementor-element-43209e2 elementor-icon-list--layout-traditional elementor-list-item-link-full_width elementor-widget elementor-widget-icon-list\" data-id=\"43209e2\" data-element_type=\"widget\" data-e-type=\"widget\" data-widget_type=\"icon-list.default\">\n\t\t\t\t<div class=\"elementor-widget-container\">\n\t\t\t\t\t\t\t<ul class=\"elementor-icon-list-items\">\n\t\t\t\t\t\t\t<li class=\"elementor-icon-list-item\">\n\t\t\t\t\t\t\t\t\t\t\t<span class=\"elementor-icon-list-icon\">\n\t\t\t\t\t\t\t<svg aria-hidden=\"true\" class=\"e-font-icon-svg e-fas-check\" viewBox=\"0 0 512 512\" xmlns=\"http:\/\/www.w3.org\/2000\/svg\"><path d=\"M173.898 439.404l-166.4-166.4c-9.997-9.997-9.997-26.206 0-36.204l36.203-36.204c9.997-9.998 26.207-9.998 36.204 0L192 312.69 432.095 72.596c9.997-9.997 26.207-9.997 36.204 0l36.203 36.204c9.997 9.997 9.997 26.206 0 36.204l-294.4 294.401c-9.998 9.997-26.207 9.997-36.204-.001z\"><\/path><\/svg>\t\t\t\t\t\t<\/span>\n\t\t\t\t\t\t\t\t\t\t<span class=\"elementor-icon-list-text\">Tratamiento indoloro que utiliza la presi\u00f3n del aire de forma secuencial (con la colocaci\u00f3n de unas botas) para estimular el sistema circulatorio, generando un drenaje que contribuye al eliminar toxinas, grasas y l\u00edquidos.<\/span>\n\t\t\t\t\t\t\t\t\t<\/li>\n\t\t\t\t\t\t\t\t<li class=\"elementor-icon-list-item\">\n\t\t\t\t\t\t\t\t\t\t\t<span class=\"elementor-icon-list-icon\">\n\t\t\t\t\t\t\t<svg aria-hidden=\"true\" class=\"e-font-icon-svg e-fas-check\" viewBox=\"0 0 512 512\" xmlns=\"http:\/\/www.w3.org\/2000\/svg\"><path d=\"M173.898 439.404l-166.4-166.4c-9.997-9.997-9.997-26.206 0-36.204l36.203-36.204c9.997-9.998 26.207-9.998 36.204 0L192 312.69 432.095 72.596c9.997-9.997 26.207-9.997 36.204 0l36.203 36.204c9.997 9.997 9.997 26.206 0 36.204l-294.4 294.401c-9.998 9.997-26.207 9.997-36.204-.001z\"><\/path><\/svg>\t\t\t\t\t\t<\/span>\n\t\t\t\t\t\t\t\t\t\t<span class=\"elementor-icon-list-text\">Favorece la circulaci\u00f3n sangu\u00ednea, mejora las varices y la celulitis y disminuye la retenci\u00f3n de l\u00edquidos.<\/span>\n\t\t\t\t\t\t\t\t\t<\/li>\n\t\t\t\t\t\t\t\t<li class=\"elementor-icon-list-item\">\n\t\t\t\t\t\t\t\t\t\t\t<span class=\"elementor-icon-list-icon\">\n\t\t\t\t\t\t\t<svg aria-hidden=\"true\" class=\"e-font-icon-svg e-fas-check\" viewBox=\"0 0 512 512\" xmlns=\"http:\/\/www.w3.org\/2000\/svg\"><path d=\"M173.898 439.404l-166.4-166.4c-9.997-9.997-9.997-26.206 0-36.204l36.203-36.204c9.997-9.998 26.207-9.998 36.204 0L192 312.69 432.095 72.596c9.997-9.997 26.207-9.997 36.204 0l36.203 36.204c9.997 9.997 9.997 26.206 0 36.204l-294.4 294.401c-9.998 9.997-26.207 9.997-36.204-.001z\"><\/path><\/svg>\t\t\t\t\t\t<\/span>\n\t\t\t\t\t\t\t\t\t\t<span class=\"elementor-icon-list-text\">Elimina la sensaci\u00f3n de \"piernas cansadas\", mejora los factores metab\u00f3licos y el sistema inmunitario y ayuda a la cicatrizaci\u00f3n de los tejidos.<\/span>\n\t\t\t\t\t\t\t\t\t<\/li>\n\t\t\t\t\t\t\t\t<li class=\"elementor-icon-list-item\">\n\t\t\t\t\t\t\t\t\t\t\t<span class=\"elementor-icon-list-icon\">\n\t\t\t\t\t\t\t<svg aria-hidden=\"true\" class=\"e-font-icon-svg e-fas-check\" viewBox=\"0 0 512 512\" xmlns=\"http:\/\/www.w3.org\/2000\/svg\"><path d=\"M173.898 439.404l-166.4-166.4c-9.997-9.997-9.997-26.206 0-36.204l36.203-36.204c9.997-9.998 26.207-9.998 36.204 0L192 312.69 432.095 72.596c9.997-9.997 26.207-9.997 36.204 0l36.203 36.204c9.997 9.997 9.997 26.206 0 36.204l-294.4 294.401c-9.998 9.997-26.207 9.997-36.204-.001z\"><\/path><\/svg>\t\t\t\t\t\t<\/span>\n\t\t\t\t\t\t\t\t\t\t<span class=\"elementor-icon-list-text\">Aumenta la oxigenaci\u00f3n del cuerpo y la piel, favorece la recuperaci\u00f3n postparto, mejora el rendimiento deportivo y la tonificaci\u00f3n de los m\u00fasculos, y mejora el estre\u00f1imiento.<\/span>\n\t\t\t\t\t\t\t\t\t<\/li>\n\t\t\t\t\t\t<\/ul>\n\t\t\t\t\t\t<\/div>\n\t\t\t\t<\/div>\n\t\t\t\t<\/div>\n\t\t<div class=\"elementor-element elementor-element-eedc439 e-con-full e-flex e-con e-child\" data-id=\"eedc439\" data-element_type=\"container\" data-e-type=\"container\">\n\t\t<div class=\"elementor-element elementor-element-140d6d7 e-con-full e-flex e-con e-child\" data-id=\"140d6d7\" data-element_type=\"container\" data-e-type=\"container\">\n\t\t<div class=\"elementor-element elementor-element-dba3504 e-con-full e-flex e-con e-child\" data-id=\"dba3504\" data-element_type=\"container\" data-e-type=\"container\" data-settings=\"{&quot;background_background&quot;:&quot;classic&quot;}\">\n\t\t\t\t<\/div>\n\t\t<div class=\"elementor-element elementor-element-5e5d212 e-con-full e-flex e-con e-child\" data-id=\"5e5d212\" data-element_type=\"container\" data-e-type=\"container\" data-settings=\"{&quot;background_background&quot;:&quot;classic&quot;,&quot;position&quot;:&quot;absolute&quot;}\">\n\t\t\t\t<div class=\"elementor-element elementor-element-7d9b8df elementor-absolute elementor-view-default elementor-widget elementor-widget-icon\" data-id=\"7d9b8df\" data-element_type=\"widget\" data-e-type=\"widget\" data-settings=\"{&quot;_position&quot;:&quot;absolute&quot;}\" data-widget_type=\"icon.default\">\n\t\t\t\t<div class=\"elementor-widget-container\">\n\t\t\t\t\t\t\t<div class=\"elementor-icon-wrapper\">\n\t\t\t<div class=\"elementor-icon\">\n\t\t\t<svg aria-hidden=\"true\" class=\"e-font-icon-svg e-fas-quote-left\" viewBox=\"0 0 512 512\" xmlns=\"http:\/\/www.w3.org\/2000\/svg\"><path d=\"M464 256h-80v-64c0-35.3 28.7-64 64-64h8c13.3 0 24-10.7 24-24V56c0-13.3-10.7-24-24-24h-8c-88.4 0-160 71.6-160 160v240c0 26.5 21.5 48 48 48h128c26.5 0 48-21.5 48-48V304c0-26.5-21.5-48-48-48zm-288 0H96v-64c0-35.3 28.7-64 64-64h8c13.3 0 24-10.7 24-24V56c0-13.3-10.7-24-24-24h-8C71.6 32 0 103.6 0 192v240c0 26.5 21.5 48 48 48h128c26.5 0 48-21.5 48-48V304c0-26.5-21.5-48-48-48z\"><\/path><\/svg>\t\t\t<\/div>\n\t\t<\/div>\n\t\t\t\t\t\t<\/div>\n\t\t\t\t<\/div>\n\t\t\t\t<div class=\"elementor-element elementor-element-4ccec2d elementor-widget elementor-widget-text-editor\" data-id=\"4ccec2d\" data-element_type=\"widget\" data-e-type=\"widget\" data-widget_type=\"text-editor.default\">\n\t\t\t\t<div class=\"elementor-widget-container\">\n\t\t\t\t\t\t\t\t\t<p>La presoterapia estimula la circulaci\u00f3n, reduce la retenci\u00f3n de l\u00edquidos y favorece el bienestar, mejorando la salud de las piernas y el sistema linf\u00e1tico.<\/p>\n\t\t\t\t\t\t\t\t<\/div>\n\t\t\t\t<\/div>\n\t\t\t\t<\/div>\n\t\t\t\t<\/div>\n\t\t\t\t<\/div>\n\t\t\t\t\t<\/div>\n\t\t\t\t<\/div>\n\t\t\t\t<\/div>\n\t\t","protected":false},"excerpt":{"rendered":"<p>\u00bfEn qu\u00e9 consiste? Tratamiento indoloro que utiliza la presi\u00f3n del aire de forma secuencial (con la colocaci\u00f3n de unas botas) para estimular el sistema circulatorio, generando un drenaje que contribuye al eliminar toxinas, grasas y l\u00edquidos. Favorece la circulaci\u00f3n sangu\u00ednea, mejora las varices y la celulitis y disminuye la retenci\u00f3n de l\u00edquidos. Elimina la sensaci\u00f3n [&hellip;]<\/p>\n","protected":false},"author":1,"featured_media":0,"parent":1260,"menu_order":0,"comment_status":"closed","ping_status":"closed","template":"","meta":{"_acf_changed":false,"footnotes":""},"class_list":["post-1278","page","type-page","status-publish","hentry"],"acf":[],"yoast_head":"<!-- This site is optimized with the Yoast SEO plugin v24.3 - https:\/\/yoast.com\/wordpress\/plugins\/seo\/ -->\n<title>Presoterapia - Fisiobalans<\/title>\n<meta name=\"robots\" content=\"index, follow, max-snippet:-1, max-image-preview:large, max-video-preview:-1\" \/>\n<link rel=\"canonical\" href=\"https:\/\/fisiobalans.com\/es\/servicios\/presoterapia\/\" \/>\n<meta property=\"og:locale\" content=\"es_ES\" \/>\n<meta property=\"og:type\" content=\"article\" \/>\n<meta property=\"og:title\" content=\"Presoterapia - Fisiobalans\" \/>\n<meta property=\"og:description\" content=\"\u00bfEn qu\u00e9 consiste? Tratamiento indoloro que utiliza la presi\u00f3n del aire de forma secuencial (con la colocaci\u00f3n de unas botas) para estimular el sistema circulatorio, generando un drenaje que contribuye al eliminar toxinas, grasas y l\u00edquidos. Favorece la circulaci\u00f3n sangu\u00ednea, mejora las varices y la celulitis y disminuye la retenci\u00f3n de l\u00edquidos. Elimina la sensaci\u00f3n [&hellip;]\" \/>\n<meta property=\"og:url\" content=\"https:\/\/fisiobalans.com\/es\/servicios\/presoterapia\/\" \/>\n<meta property=\"og:site_name\" content=\"Fisiobalans\" \/>\n<meta property=\"article:publisher\" content=\"https:\/\/www.facebook.com\/fisiobalans\" \/>\n<meta property=\"article:modified_time\" content=\"2025-01-20T12:26:57+00:00\" \/>\n<meta property=\"og:image\" content=\"https:\/\/fisiobalans.com\/wp-content\/uploads\/2025\/01\/pressoterapia-destacada.jpg\" \/>\n\t<meta property=\"og:image:width\" content=\"600\" \/>\n\t<meta property=\"og:image:height\" content=\"400\" \/>\n\t<meta property=\"og:image:type\" content=\"image\/jpeg\" \/>\n<meta name=\"twitter:card\" content=\"summary_large_image\" \/>\n<meta name=\"twitter:label1\" content=\"Tiempo de lectura\" \/>\n\t<meta name=\"twitter:data1\" content=\"1 minuto\" \/>\n<script type=\"application\/ld+json\" class=\"yoast-schema-graph\">{\"@context\":\"https:\/\/schema.org\",\"@graph\":[{\"@type\":\"WebPage\",\"@id\":\"https:\/\/fisiobalans.com\/es\/servicios\/presoterapia\/\",\"url\":\"https:\/\/fisiobalans.com\/es\/servicios\/presoterapia\/\",\"name\":\"Presoterapia - Fisiobalans\",\"isPartOf\":{\"@id\":\"https:\/\/fisiobalans.com\/es\/#website\"},\"primaryImageOfPage\":{\"@id\":\"https:\/\/fisiobalans.com\/es\/servicios\/presoterapia\/#primaryimage\"},\"image\":{\"@id\":\"https:\/\/fisiobalans.com\/es\/servicios\/presoterapia\/#primaryimage\"},\"thumbnailUrl\":\"https:\/\/fisiobalans.com\/wp-content\/uploads\/2025\/01\/pressoterapia-destacada.jpg\",\"datePublished\":\"2024-12-11T09:47:12+00:00\",\"dateModified\":\"2025-01-20T12:26:57+00:00\",\"breadcrumb\":{\"@id\":\"https:\/\/fisiobalans.com\/es\/servicios\/presoterapia\/#breadcrumb\"},\"inLanguage\":\"es\",\"potentialAction\":[{\"@type\":\"ReadAction\",\"target\":[\"https:\/\/fisiobalans.com\/es\/servicios\/presoterapia\/\"]}]},{\"@type\":\"ImageObject\",\"inLanguage\":\"es\",\"@id\":\"https:\/\/fisiobalans.com\/es\/servicios\/presoterapia\/#primaryimage\",\"url\":\"https:\/\/fisiobalans.com\/wp-content\/uploads\/2025\/01\/pressoterapia-destacada.jpg\",\"contentUrl\":\"https:\/\/fisiobalans.com\/wp-content\/uploads\/2025\/01\/pressoterapia-destacada.jpg\"},{\"@type\":\"BreadcrumbList\",\"@id\":\"https:\/\/fisiobalans.com\/es\/servicios\/presoterapia\/#breadcrumb\",\"itemListElement\":[{\"@type\":\"ListItem\",\"position\":1,\"name\":\"Portada\",\"item\":\"https:\/\/fisiobalans.com\/es\/inicio\/\"},{\"@type\":\"ListItem\",\"position\":2,\"name\":\"Servicios\",\"item\":\"https:\/\/fisiobalans.com\/es\/servicios\/\"},{\"@type\":\"ListItem\",\"position\":3,\"name\":\"Presoterapia\"}]},{\"@type\":\"WebSite\",\"@id\":\"https:\/\/fisiobalans.com\/es\/#website\",\"url\":\"https:\/\/fisiobalans.com\/es\/\",\"name\":\"Fisiobalans\",\"description\":\"\",\"publisher\":{\"@id\":\"https:\/\/fisiobalans.com\/es\/#organization\"},\"potentialAction\":[{\"@type\":\"SearchAction\",\"target\":{\"@type\":\"EntryPoint\",\"urlTemplate\":\"https:\/\/fisiobalans.com\/es\/?s={search_term_string}\"},\"query-input\":{\"@type\":\"PropertyValueSpecification\",\"valueRequired\":true,\"valueName\":\"search_term_string\"}}],\"inLanguage\":\"es\"},{\"@type\":\"Organization\",\"@id\":\"https:\/\/fisiobalans.com\/es\/#organization\",\"name\":\"Fisiobalans\",\"url\":\"https:\/\/fisiobalans.com\/es\/\",\"logo\":{\"@type\":\"ImageObject\",\"inLanguage\":\"es\",\"@id\":\"https:\/\/fisiobalans.com\/es\/#\/schema\/logo\/image\/\",\"url\":\"https:\/\/fisiobalans.com\/wp-content\/uploads\/2024\/12\/logo.png\",\"contentUrl\":\"https:\/\/fisiobalans.com\/wp-content\/uploads\/2024\/12\/logo.png\",\"width\":173,\"height\":58,\"caption\":\"Fisiobalans\"},\"image\":{\"@id\":\"https:\/\/fisiobalans.com\/es\/#\/schema\/logo\/image\/\"},\"sameAs\":[\"https:\/\/www.facebook.com\/fisiobalans\",\"https:\/\/www.instagram.com\/fisiobalans\/\"]}]}<\/script>\n<!-- \/ Yoast SEO plugin. -->","yoast_head_json":{"title":"Presoterapia - Fisiobalans","robots":{"index":"index","follow":"follow","max-snippet":"max-snippet:-1","max-image-preview":"max-image-preview:large","max-video-preview":"max-video-preview:-1"},"canonical":"https:\/\/fisiobalans.com\/es\/servicios\/presoterapia\/","og_locale":"es_ES","og_type":"article","og_title":"Presoterapia - Fisiobalans","og_description":"\u00bfEn qu\u00e9 consiste? Tratamiento indoloro que utiliza la presi\u00f3n del aire de forma secuencial (con la colocaci\u00f3n de unas botas) para estimular el sistema circulatorio, generando un drenaje que contribuye al eliminar toxinas, grasas y l\u00edquidos. Favorece la circulaci\u00f3n sangu\u00ednea, mejora las varices y la celulitis y disminuye la retenci\u00f3n de l\u00edquidos. Elimina la sensaci\u00f3n [&hellip;]","og_url":"https:\/\/fisiobalans.com\/es\/servicios\/presoterapia\/","og_site_name":"Fisiobalans","article_publisher":"https:\/\/www.facebook.com\/fisiobalans","article_modified_time":"2025-01-20T12:26:57+00:00","og_image":[{"width":600,"height":400,"url":"https:\/\/fisiobalans.com\/wp-content\/uploads\/2025\/01\/pressoterapia-destacada.jpg","type":"image\/jpeg"}],"twitter_card":"summary_large_image","twitter_misc":{"Tiempo de lectura":"1 minuto"},"schema":{"@context":"https:\/\/schema.org","@graph":[{"@type":"WebPage","@id":"https:\/\/fisiobalans.com\/es\/servicios\/presoterapia\/","url":"https:\/\/fisiobalans.com\/es\/servicios\/presoterapia\/","name":"Presoterapia - Fisiobalans","isPartOf":{"@id":"https:\/\/fisiobalans.com\/es\/#website"},"primaryImageOfPage":{"@id":"https:\/\/fisiobalans.com\/es\/servicios\/presoterapia\/#primaryimage"},"image":{"@id":"https:\/\/fisiobalans.com\/es\/servicios\/presoterapia\/#primaryimage"},"thumbnailUrl":"https:\/\/fisiobalans.com\/wp-content\/uploads\/2025\/01\/pressoterapia-destacada.jpg","datePublished":"2024-12-11T09:47:12+00:00","dateModified":"2025-01-20T12:26:57+00:00","breadcrumb":{"@id":"https:\/\/fisiobalans.com\/es\/servicios\/presoterapia\/#breadcrumb"},"inLanguage":"es","potentialAction":[{"@type":"ReadAction","target":["https:\/\/fisiobalans.com\/es\/servicios\/presoterapia\/"]}]},{"@type":"ImageObject","inLanguage":"es","@id":"https:\/\/fisiobalans.com\/es\/servicios\/presoterapia\/#primaryimage","url":"https:\/\/fisiobalans.com\/wp-content\/uploads\/2025\/01\/pressoterapia-destacada.jpg","contentUrl":"https:\/\/fisiobalans.com\/wp-content\/uploads\/2025\/01\/pressoterapia-destacada.jpg"},{"@type":"BreadcrumbList","@id":"https:\/\/fisiobalans.com\/es\/servicios\/presoterapia\/#breadcrumb","itemListElement":[{"@type":"ListItem","position":1,"name":"Portada","item":"https:\/\/fisiobalans.com\/es\/inicio\/"},{"@type":"ListItem","position":2,"name":"Servicios","item":"https:\/\/fisiobalans.com\/es\/servicios\/"},{"@type":"ListItem","position":3,"name":"Presoterapia"}]},{"@type":"WebSite","@id":"https:\/\/fisiobalans.com\/es\/#website","url":"https:\/\/fisiobalans.com\/es\/","name":"Fisiobalans","description":"","publisher":{"@id":"https:\/\/fisiobalans.com\/es\/#organization"},"potentialAction":[{"@type":"SearchAction","target":{"@type":"EntryPoint","urlTemplate":"https:\/\/fisiobalans.com\/es\/?s={search_term_string}"},"query-input":{"@type":"PropertyValueSpecification","valueRequired":true,"valueName":"search_term_string"}}],"inLanguage":"es"},{"@type":"Organization","@id":"https:\/\/fisiobalans.com\/es\/#organization","name":"Fisiobalans","url":"https:\/\/fisiobalans.com\/es\/","logo":{"@type":"ImageObject","inLanguage":"es","@id":"https:\/\/fisiobalans.com\/es\/#\/schema\/logo\/image\/","url":"https:\/\/fisiobalans.com\/wp-content\/uploads\/2024\/12\/logo.png","contentUrl":"https:\/\/fisiobalans.com\/wp-content\/uploads\/2024\/12\/logo.png","width":173,"height":58,"caption":"Fisiobalans"},"image":{"@id":"https:\/\/fisiobalans.com\/es\/#\/schema\/logo\/image\/"},"sameAs":["https:\/\/www.facebook.com\/fisiobalans","https:\/\/www.instagram.com\/fisiobalans\/"]}]}},"_links":{"self":[{"href":"https:\/\/fisiobalans.com\/es\/wp-json\/wp\/v2\/pages\/1278","targetHints":{"allow":["GET"]}}],"collection":[{"href":"https:\/\/fisiobalans.com\/es\/wp-json\/wp\/v2\/pages"}],"about":[{"href":"https:\/\/fisiobalans.com\/es\/wp-json\/wp\/v2\/types\/page"}],"author":[{"embeddable":true,"href":"https:\/\/fisiobalans.com\/es\/wp-json\/wp\/v2\/users\/1"}],"replies":[{"embeddable":true,"href":"https:\/\/fisiobalans.com\/es\/wp-json\/wp\/v2\/comments?post=1278"}],"version-history":[{"count":1,"href":"https:\/\/fisiobalans.com\/es\/wp-json\/wp\/v2\/pages\/1278\/revisions"}],"predecessor-version":[{"id":1279,"href":"https:\/\/fisiobalans.com\/es\/wp-json\/wp\/v2\/pages\/1278\/revisions\/1279"}],"up":[{"embeddable":true,"href":"https:\/\/fisiobalans.com\/es\/wp-json\/wp\/v2\/pages\/1260"}],"wp:attachment":[{"href":"https:\/\/fisiobalans.com\/es\/wp-json\/wp\/v2\/media?parent=1278"}],"curies":[{"name":"wp","href":"https:\/\/api.w.org\/{rel}","templated":true}]}}